{"id":914,"date":"2024-09-29T17:08:56","date_gmt":"2024-09-29T15:08:56","guid":{"rendered":"http:\/\/localhost:8888\/jzd-jesenik\/?page_id=914"},"modified":"2024-11-13T16:24:44","modified_gmt":"2024-11-13T15:24:44","slug":"pneuservis","status":"publish","type":"page","link":"https:\/\/zdjesenik.cz\/index.php\/pneuservis\/","title":{"rendered":"PNEUSERVIS ZEM. TECHNIKY"},"content":{"rendered":"\t\t<div data-elementor-type=\"wp-page\" data-elementor-id=\"914\" class=\"elementor elementor-914\">\n\t\t\t\t<div class=\"elementor-element elementor-element-d9dae62 e-flex e-con-boxed e-con e-parent\" data-id=\"d9dae62\" data-element_type=\"container\" data-settings=\"{&quot;background_background&quot;:&quot;slideshow&quot;,&quot;animation&quot;:&quot;none&quot;,&quot;background_slideshow_gallery&quot;:[{&quot;id&quot;:589,&quot;url&quot;:&quot;https:\\\/\\\/zdjesenik.cz\\\/wp-content\\\/uploads\\\/2024\\\/09\\\/P5310238-500_xvxu0oa7.jpg&quot;}],&quot;background_slideshow_loop&quot;:&quot;yes&quot;,&quot;background_slideshow_slide_duration&quot;:5000,&quot;background_slideshow_slide_transition&quot;:&quot;fade&quot;,&quot;background_slideshow_transition_duration&quot;:500}\">\n\t\t\t\t\t<div class=\"e-con-inner\">\n\t\t\t\t\t<\/div>\n\t\t\t\t<\/div>\n\t\t<div class=\"elementor-element elementor-element-7c430af e-con-full e-flex e-con e-child\" data-id=\"7c430af\" data-element_type=\"container\" data-settings=\"{&quot;background_background&quot;:&quot;classic&quot;}\">\n\t\t<div class=\"elementor-element elementor-element-9229d66 e-con-full e-flex e-con e-child\" data-id=\"9229d66\" data-element_type=\"container\">\n\t\t\t\t<div class=\"elementor-element elementor-element-db04526 elementor-widget elementor-widget-heading\" data-id=\"db04526\" data-element_type=\"widget\" data-widget_type=\"heading.default\">\n\t\t\t\t<div class=\"elementor-widget-container\">\n\t\t\t<style>\/*! elementor - v3.23.0 - 05-08-2024 *\/\n.elementor-heading-title{padding:0;margin:0;line-height:1}.elementor-widget-heading .elementor-heading-title[class*=elementor-size-]>a{color:inherit;font-size:inherit;line-height:inherit}.elementor-widget-heading .elementor-heading-title.elementor-size-small{font-size:15px}.elementor-widget-heading .elementor-heading-title.elementor-size-medium{font-size:19px}.elementor-widget-heading .elementor-heading-title.elementor-size-large{font-size:29px}.elementor-widget-heading .elementor-heading-title.elementor-size-xl{font-size:39px}.elementor-widget-heading .elementor-heading-title.elementor-size-xxl{font-size:59px}<\/style><h2 class=\"elementor-heading-title elementor-size-default\">PNEUSERVIS ZEM\u011aD\u011aLSK\u00c9 A N\u00c1KLADN\u00cd TECHNIKY, OSOBN\u00cdCH AUTOMOBIL\u016e<\/h2>\t\t<\/div>\n\t\t\t\t<\/div>\n\t\t\t\t<\/div>\n\t\t\t\t<\/div>\n\t\t<div class=\"elementor-element elementor-element-f511242 e-flex e-con-boxed e-con e-parent\" data-id=\"f511242\" data-element_type=\"container\" data-settings=\"{&quot;background_background&quot;:&quot;classic&quot;}\">\n\t\t\t\t\t<div class=\"e-con-inner\">\n\t\t\t\t<div class=\"elementor-element elementor-element-fa22226 elementor-widget elementor-widget-text-editor\" data-id=\"fa22226\" data-element_type=\"widget\" data-widget_type=\"text-editor.default\">\n\t\t\t\t<div class=\"elementor-widget-container\">\n\t\t\t<style>\/*! elementor - v3.23.0 - 05-08-2024 *\/\n.elementor-widget-text-editor.elementor-drop-cap-view-stacked .elementor-drop-cap{background-color:#69727d;color:#fff}.elementor-widget-text-editor.elementor-drop-cap-view-framed .elementor-drop-cap{color:#69727d;border:3px solid;background-color:transparent}.elementor-widget-text-editor:not(.elementor-drop-cap-view-default) .elementor-drop-cap{margin-top:8px}.elementor-widget-text-editor:not(.elementor-drop-cap-view-default) .elementor-drop-cap-letter{width:1em;height:1em}.elementor-widget-text-editor .elementor-drop-cap{float:left;text-align:center;line-height:1;font-size:50px}.elementor-widget-text-editor .elementor-drop-cap-letter{display:inline-block}<\/style>\t\t\t\t<p>Provozujeme pneuservis pro n\u00e1kladn\u00ed vozidla, lesnick\u00e9, zem\u011bd\u011blsk\u00e9 stroje a pro osobn\u00ed automobily. Zab\u00fdv\u00e1me se prodejem a opravou pneumatik i du\u0161\u00ed v\u010detn\u011b hu\u0161t\u011bn\u00ed. Prov\u00e1d\u00edme opravy pneu za studena i Thermopress.<\/p><p><strong>Odpov\u011bdn\u00fd pracovn\u00edk: Bla\u017eena Jar\u016f\u0161kov\u00e1<\/strong>, mobil: <a href=\"tel: +420737514169\">737 514 169<\/a>, e-mail: <a class=\"imCssLink\" href=\"mailto: b.jaruskova@zdjesenik.cz\">b.jaruskova@zdjesenik.cz<\/a><\/p>\t\t\t\t\t\t<\/div>\n\t\t\t\t<\/div>\n\t\t<div class=\"elementor-element elementor-element-66020f6 e-con-full e-flex e-con e-child\" data-id=\"66020f6\" data-element_type=\"container\">\n\t\t<div class=\"elementor-element elementor-element-df384a5 e-con-full e-flex e-con e-child\" data-id=\"df384a5\" data-element_type=\"container\">\n\t\t\t\t<div class=\"elementor-element elementor-element-a4684a3 elementor-widget elementor-widget-image\" data-id=\"a4684a3\" data-element_type=\"widget\" data-widget_type=\"image.default\">\n\t\t\t\t<div class=\"elementor-widget-container\">\n\t\t\t<style>\/*! elementor - v3.23.0 - 05-08-2024 *\/\n.elementor-widget-image{text-align:center}.elementor-widget-image a{display:inline-block}.elementor-widget-image a img[src$=\".svg\"]{width:48px}.elementor-widget-image img{vertical-align:middle;display:inline-block}<\/style>\t\t\t\t\t\t\t\t\t\t<img fetchpriority=\"high\" decoding=\"async\" width=\"800\" height=\"600\" src=\"https:\/\/zdjesenik.cz\/wp-content\/uploads\/2024\/09\/PC110458-1.jpg\" class=\"attachment-large size-large wp-image-969\" alt=\"\" srcset=\"https:\/\/zdjesenik.cz\/wp-content\/uploads\/2024\/09\/PC110458-1.jpg 800w, https:\/\/zdjesenik.cz\/wp-content\/uploads\/2024\/09\/PC110458-1-300x225.jpg 300w, https:\/\/zdjesenik.cz\/wp-content\/uploads\/2024\/09\/PC110458-1-768x576.jpg 768w\" sizes=\"(max-width: 800px) 100vw, 800px\" \/>\t\t\t\t\t\t\t\t\t\t\t\t\t<\/div>\n\t\t\t\t<\/div>\n\t\t\t\t<\/div>\n\t\t<div class=\"elementor-element elementor-element-e981f32 e-con-full e-flex e-con e-child\" data-id=\"e981f32\" data-element_type=\"container\">\n\t\t\t\t<div class=\"elementor-element elementor-element-1104c8b elementor-widget elementor-widget-image\" data-id=\"1104c8b\" data-element_type=\"widget\" data-widget_type=\"image.default\">\n\t\t\t\t<div class=\"elementor-widget-container\">\n\t\t\t\t\t\t\t\t\t\t\t\t\t<img decoding=\"async\" width=\"800\" height=\"600\" src=\"https:\/\/zdjesenik.cz\/wp-content\/uploads\/2024\/09\/PC110466.jpg\" class=\"attachment-large size-large wp-image-970\" alt=\"\" srcset=\"https:\/\/zdjesenik.cz\/wp-content\/uploads\/2024\/09\/PC110466.jpg 800w, https:\/\/zdjesenik.cz\/wp-content\/uploads\/2024\/09\/PC110466-300x225.jpg 300w, https:\/\/zdjesenik.cz\/wp-content\/uploads\/2024\/09\/PC110466-768x576.jpg 768w\" sizes=\"(max-width: 800px) 100vw, 800px\" \/>\t\t\t\t\t\t\t\t\t\t\t\t\t<\/div>\n\t\t\t\t<\/div>\n\t\t\t\t<\/div>\n\t\t<div class=\"elementor-element elementor-element-191a31c e-con-full e-flex e-con e-child\" data-id=\"191a31c\" data-element_type=\"container\">\n\t\t\t\t<div class=\"elementor-element elementor-element-6ea646c elementor-widget elementor-widget-image\" data-id=\"6ea646c\" data-element_type=\"widget\" data-widget_type=\"image.default\">\n\t\t\t\t<div class=\"elementor-widget-container\">\n\t\t\t\t\t\t\t\t\t\t\t\t\t<img decoding=\"async\" width=\"800\" height=\"600\" src=\"https:\/\/zdjesenik.cz\/wp-content\/uploads\/2024\/09\/PC110468.jpg\" class=\"attachment-large size-large wp-image-971\" alt=\"\" srcset=\"https:\/\/zdjesenik.cz\/wp-content\/uploads\/2024\/09\/PC110468.jpg 800w, https:\/\/zdjesenik.cz\/wp-content\/uploads\/2024\/09\/PC110468-300x225.jpg 300w, https:\/\/zdjesenik.cz\/wp-content\/uploads\/2024\/09\/PC110468-768x576.jpg 768w\" sizes=\"(max-width: 800px) 100vw, 800px\" \/>\t\t\t\t\t\t\t\t\t\t\t\t\t<\/div>\n\t\t\t\t<\/div>\n\t\t\t\t<\/div>\n\t\t\t\t<\/div>\n\t\t\t\t\t<\/div>\n\t\t\t\t<\/div>\n\t\t<div class=\"elementor-element elementor-element-11ab38a e-flex e-con-boxed e-con e-parent\" data-id=\"11ab38a\" data-element_type=\"container\" data-settings=\"{&quot;background_background&quot;:&quot;classic&quot;}\">\n\t\t\t\t\t<div class=\"e-con-inner\">\n\t\t<div class=\"elementor-element elementor-element-7253037 e-con-full e-flex e-con e-child\" data-id=\"7253037\" data-element_type=\"container\">\n\t\t\t\t<div class=\"elementor-element elementor-element-d2197d6 elementor-widget elementor-widget-image\" data-id=\"d2197d6\" data-element_type=\"widget\" data-widget_type=\"image.default\">\n\t\t\t\t<div class=\"elementor-widget-container\">\n\t\t\t\t\t\t\t\t\t\t\t\t\t<img loading=\"lazy\" decoding=\"async\" width=\"260\" height=\"260\" src=\"https:\/\/zdjesenik.cz\/wp-content\/uploads\/2024\/10\/ZDJ_logo_2017-png4_kaboflpp.png\" class=\"attachment-large size-large wp-image-1559\" alt=\"\" srcset=\"https:\/\/zdjesenik.cz\/wp-content\/uploads\/2024\/10\/ZDJ_logo_2017-png4_kaboflpp.png 260w, https:\/\/zdjesenik.cz\/wp-content\/uploads\/2024\/10\/ZDJ_logo_2017-png4_kaboflpp-150x150.png 150w\" sizes=\"(max-width: 260px) 100vw, 260px\" \/>\t\t\t\t\t\t\t\t\t\t\t\t\t<\/div>\n\t\t\t\t<\/div>\n\t\t\t\t<div class=\"elementor-element elementor-element-23ada50 elementor-hidden-mobile elementor-widget elementor-widget-button\" data-id=\"23ada50\" data-element_type=\"widget\" data-widget_type=\"button.default\">\n\t\t\t\t<div class=\"elementor-widget-container\">\n\t\t\t\t\t<div class=\"elementor-button-wrapper\">\n\t\t\t<a class=\"elementor-button elementor-button-link elementor-size-sm\" href=\"index.php\/kontakt\">\n\t\t\t\t\t\t<span class=\"elementor-button-content-wrapper\">\n\t\t\t\t\t\t\t\t\t<span class=\"elementor-button-text\">Kontaktn\u00ed informace<\/span>\n\t\t\t\t\t<\/span>\n\t\t\t\t\t<\/a>\n\t\t<\/div>\n\t\t\t\t<\/div>\n\t\t\t\t<\/div>\n\t\t\t\t<div class=\"elementor-element elementor-element-041305e elementor-widget elementor-widget-button\" data-id=\"041305e\" data-element_type=\"widget\" data-widget_type=\"button.default\">\n\t\t\t\t<div class=\"elementor-widget-container\">\n\t\t\t\t\t<div class=\"elementor-button-wrapper\">\n\t\t\t<a class=\"elementor-button elementor-button-link elementor-size-sm\" href=\"index.php\/informace-pro-cleny\">\n\t\t\t\t\t\t<span class=\"elementor-button-content-wrapper\">\n\t\t\t\t\t\t\t\t\t<span class=\"elementor-button-text\">Informace pro \u010dleny<\/span>\n\t\t\t\t\t<\/span>\n\t\t\t\t\t<\/a>\n\t\t<\/div>\n\t\t\t\t<\/div>\n\t\t\t\t<\/div>\n\t\t\t\t<\/div>\n\t\t<div class=\"elementor-element elementor-element-97ae716 e-con-full e-flex e-con e-child\" data-id=\"97ae716\" data-element_type=\"container\" data-settings=\"{&quot;background_background&quot;:&quot;classic&quot;}\">\n\t\t<div class=\"elementor-element elementor-element-b94d085 e-con-full e-flex e-con e-child\" data-id=\"b94d085\" data-element_type=\"container\">\n\t\t\t\t<div class=\"elementor-element elementor-element-619f229 elementor-widget__width-inherit elementor-widget elementor-widget-text-editor\" data-id=\"619f229\" data-element_type=\"widget\" data-widget_type=\"text-editor.default\">\n\t\t\t\t<div class=\"elementor-widget-container\">\n\t\t\t\t\t\t\t\u00a9 Designed By <a style=\"color: #fffffff7; text-decoration: underline;\" target=\"_blank\" href=\"https:\/\/web-stranky-na-miru.cz\/\">Jan Kal\u00e1b<\/a>. V\u0161echna pr\u00e1va vyhrazena.\t\t\t\t\t\t<\/div>\n\t\t\t\t<\/div>\n\t\t\t\t<\/div>\n\t\t\t\t<\/div>\n\t\t\t\t\t<\/div>\n\t\t\t\t<\/div>\n\t\t\t\t<\/div>\n\t\t","protected":false},"excerpt":{"rendered":"<p>PNEUSERVIS ZEM\u011aD\u011aLSK\u00c9 A N\u00c1KLADN\u00cd TECHNIKY, OSOBN\u00cdCH AUTOMOBIL\u016e Provozujeme pneuservis pro n\u00e1kladn\u00ed vozidla, lesnick\u00e9, zem\u011bd\u011blsk\u00e9 stroje a pro osobn\u00ed automobily. Zab\u00fdv\u00e1me se prodejem a opravou pneumatik i du\u0161\u00ed v\u010detn\u011b hu\u0161t\u011bn\u00ed. Prov\u00e1d\u00edme opravy pneu za studena i Thermopress. Odpov\u011bdn\u00fd pracovn\u00edk: Bla\u017eena Jar\u016f\u0161kov\u00e1, mobil: 737 514 169, e-mail: b.jaruskova@zdjesenik.cz Kontaktn\u00ed informace Informace pro \u010dleny \u00a9 Designed By Jan [&hellip;]<\/p>\n","protected":false},"author":1,"featured_media":0,"parent":0,"menu_order":0,"comment_status":"closed","ping_status":"closed","template":"","meta":{"footnotes":""},"class_list":["post-914","page","type-page","status-publish","hentry"],"_links":{"self":[{"href":"https:\/\/zdjesenik.cz\/index.php\/wp-json\/wp\/v2\/pages\/914","targetHints":{"allow":["GET"]}}],"collection":[{"href":"https:\/\/zdjesenik.cz\/index.php\/wp-json\/wp\/v2\/pages"}],"about":[{"href":"https:\/\/zdjesenik.cz\/index.php\/wp-json\/wp\/v2\/types\/page"}],"author":[{"embeddable":true,"href":"https:\/\/zdjesenik.cz\/index.php\/wp-json\/wp\/v2\/users\/1"}],"replies":[{"embeddable":true,"href":"https:\/\/zdjesenik.cz\/index.php\/wp-json\/wp\/v2\/comments?post=914"}],"version-history":[{"count":37,"href":"https:\/\/zdjesenik.cz\/index.php\/wp-json\/wp\/v2\/pages\/914\/revisions"}],"predecessor-version":[{"id":1910,"href":"https:\/\/zdjesenik.cz\/index.php\/wp-json\/wp\/v2\/pages\/914\/revisions\/1910"}],"wp:attachment":[{"href":"https:\/\/zdjesenik.cz\/index.php\/wp-json\/wp\/v2\/media?parent=914"}],"curies":[{"name":"wp","href":"https:\/\/api.w.org\/{rel}","templated":true}]}}