{"id":856,"date":"2024-09-29T16:00:03","date_gmt":"2024-09-29T14:00:03","guid":{"rendered":"http:\/\/localhost:8888\/jzd-jesenik\/?page_id=856"},"modified":"2024-11-13T16:24:03","modified_gmt":"2024-11-13T15:24:03","slug":"silnicni-doprava","status":"publish","type":"page","link":"https:\/\/zdjesenik.cz\/index.php\/silnicni-doprava\/","title":{"rendered":"SILNI\u010cN\u00cd DOPRAVA"},"content":{"rendered":"\t\t<div data-elementor-type=\"wp-page\" data-elementor-id=\"856\" class=\"elementor elementor-856\">\n\t\t\t\t<div class=\"elementor-element elementor-element-b78170f e-flex e-con-boxed e-con e-parent\" data-id=\"b78170f\" data-element_type=\"container\" data-settings=\"{&quot;background_background&quot;:&quot;slideshow&quot;,&quot;animation&quot;:&quot;none&quot;,&quot;background_slideshow_gallery&quot;:[{&quot;id&quot;:589,&quot;url&quot;:&quot;https:\\\/\\\/zdjesenik.cz\\\/wp-content\\\/uploads\\\/2024\\\/09\\\/P5310238-500_xvxu0oa7.jpg&quot;}],&quot;background_slideshow_loop&quot;:&quot;yes&quot;,&quot;background_slideshow_slide_duration&quot;:5000,&quot;background_slideshow_slide_transition&quot;:&quot;fade&quot;,&quot;background_slideshow_transition_duration&quot;:500}\">\n\t\t\t\t\t<div class=\"e-con-inner\">\n\t\t\t\t\t<\/div>\n\t\t\t\t<\/div>\n\t\t<div class=\"elementor-element elementor-element-abde9a3 e-con-full e-flex e-con e-child\" data-id=\"abde9a3\" data-element_type=\"container\" data-settings=\"{&quot;background_background&quot;:&quot;classic&quot;}\">\n\t\t<div class=\"elementor-element elementor-element-d9ec32c e-con-full e-flex e-con e-child\" data-id=\"d9ec32c\" data-element_type=\"container\">\n\t\t\t\t<div class=\"elementor-element elementor-element-0d0ceef elementor-widget elementor-widget-heading\" data-id=\"0d0ceef\" data-element_type=\"widget\" data-widget_type=\"heading.default\">\n\t\t\t\t<div class=\"elementor-widget-container\">\n\t\t\t<style>\/*! elementor - v3.23.0 - 05-08-2024 *\/\n.elementor-heading-title{padding:0;margin:0;line-height:1}.elementor-widget-heading .elementor-heading-title[class*=elementor-size-]>a{color:inherit;font-size:inherit;line-height:inherit}.elementor-widget-heading .elementor-heading-title.elementor-size-small{font-size:15px}.elementor-widget-heading .elementor-heading-title.elementor-size-medium{font-size:19px}.elementor-widget-heading .elementor-heading-title.elementor-size-large{font-size:29px}.elementor-widget-heading .elementor-heading-title.elementor-size-xl{font-size:39px}.elementor-widget-heading .elementor-heading-title.elementor-size-xxl{font-size:59px}<\/style><h2 class=\"elementor-heading-title elementor-size-default\">SILNI\u010cN\u00cd DOPRAVA<\/h2>\t\t<\/div>\n\t\t\t\t<\/div>\n\t\t\t\t<\/div>\n\t\t\t\t<\/div>\n\t\t<div class=\"elementor-element elementor-element-4bd1cc8 e-flex e-con-boxed e-con e-parent\" data-id=\"4bd1cc8\" data-element_type=\"container\" data-settings=\"{&quot;background_background&quot;:&quot;classic&quot;}\">\n\t\t\t\t\t<div class=\"e-con-inner\">\n\t\t<div class=\"elementor-element elementor-element-00f71ed e-con-full e-flex e-con e-child\" data-id=\"00f71ed\" data-element_type=\"container\">\n\t\t\t\t<div class=\"elementor-element elementor-element-3b94f83 elementor-widget elementor-widget-heading\" data-id=\"3b94f83\" data-element_type=\"widget\" data-widget_type=\"heading.default\">\n\t\t\t\t<div class=\"elementor-widget-container\">\n\t\t\t<h3 class=\"elementor-heading-title elementor-size-default\">V oblasti dopravy nab\u00edz\u00edme tyto slu\u017eby<\/h3>\t\t<\/div>\n\t\t\t\t<\/div>\n\t\t\t\t<div class=\"elementor-element elementor-element-7508629 elementor-widget elementor-widget-text-editor\" data-id=\"7508629\" data-element_type=\"widget\" data-widget_type=\"text-editor.default\">\n\t\t\t\t<div class=\"elementor-widget-container\">\n\t\t\t<style>\/*! elementor - v3.23.0 - 05-08-2024 *\/\n.elementor-widget-text-editor.elementor-drop-cap-view-stacked .elementor-drop-cap{background-color:#69727d;color:#fff}.elementor-widget-text-editor.elementor-drop-cap-view-framed .elementor-drop-cap{color:#69727d;border:3px solid;background-color:transparent}.elementor-widget-text-editor:not(.elementor-drop-cap-view-default) .elementor-drop-cap{margin-top:8px}.elementor-widget-text-editor:not(.elementor-drop-cap-view-default) .elementor-drop-cap-letter{width:1em;height:1em}.elementor-widget-text-editor .elementor-drop-cap{float:left;text-align:center;line-height:1;font-size:50px}.elementor-widget-text-editor .elementor-drop-cap-letter{display:inline-block}<\/style>\t\t\t\t<ul><li>zemn\u00ed pr\u00e1ce teleskopick\u00fdm naklada\u010dem<\/li><li>je\u0159\u00e1bnick\u00e9 pr\u00e1ce V3S 8t<\/li><li>doprava sypk\u00fdch materi\u00e1l\u016f<\/li><li>pron\u00e1jem a odvoz kontejner\u016f<\/li><li>autobusov\u00e1 doprava<\/li><\/ul>\t\t\t\t\t\t<\/div>\n\t\t\t\t<\/div>\n\t\t\t\t<\/div>\n\t\t<div class=\"elementor-element elementor-element-1ea1125 e-con-full e-flex e-con e-child\" data-id=\"1ea1125\" data-element_type=\"container\">\n\t\t<div class=\"elementor-element elementor-element-b33c184 e-con-full e-flex e-con e-child\" data-id=\"b33c184\" data-element_type=\"container\">\n\t\t\t\t<div class=\"elementor-element elementor-element-65ee4f9 elementor-widget elementor-widget-image\" data-id=\"65ee4f9\" data-element_type=\"widget\" data-widget_type=\"image.default\">\n\t\t\t\t<div class=\"elementor-widget-container\">\n\t\t\t<style>\/*! elementor - v3.23.0 - 05-08-2024 *\/\n.elementor-widget-image{text-align:center}.elementor-widget-image a{display:inline-block}.elementor-widget-image a img[src$=\".svg\"]{width:48px}.elementor-widget-image img{vertical-align:middle;display:inline-block}<\/style>\t\t\t\t\t\t\t\t\t\t<img fetchpriority=\"high\" decoding=\"async\" width=\"766\" height=\"492\" src=\"https:\/\/zdjesenik.cz\/wp-content\/uploads\/2024\/09\/DSC03913-e1727623012274.jpg\" class=\"attachment-large size-large wp-image-935\" alt=\"\" \/>\t\t\t\t\t\t\t\t\t\t\t\t\t<\/div>\n\t\t\t\t<\/div>\n\t\t\t\t<\/div>\n\t\t<div class=\"elementor-element elementor-element-283f83f e-con-full e-flex e-con e-child\" data-id=\"283f83f\" data-element_type=\"container\">\n\t\t\t\t<div class=\"elementor-element elementor-element-d54c553 elementor-widget elementor-widget-image\" data-id=\"d54c553\" data-element_type=\"widget\" data-widget_type=\"image.default\">\n\t\t\t\t<div class=\"elementor-widget-container\">\n\t\t\t\t\t\t\t\t\t\t\t\t\t<img decoding=\"async\" width=\"766\" height=\"492\" src=\"https:\/\/zdjesenik.cz\/wp-content\/uploads\/2024\/09\/DSC03877-e1727623033884.jpg\" class=\"attachment-large size-large wp-image-934\" alt=\"\" \/>\t\t\t\t\t\t\t\t\t\t\t\t\t<\/div>\n\t\t\t\t<\/div>\n\t\t\t\t<\/div>\n\t\t<div class=\"elementor-element elementor-element-f4bf321 e-con-full e-flex e-con e-child\" data-id=\"f4bf321\" data-element_type=\"container\">\n\t\t\t\t<div class=\"elementor-element elementor-element-c39e0dc elementor-widget elementor-widget-image\" data-id=\"c39e0dc\" data-element_type=\"widget\" data-widget_type=\"image.default\">\n\t\t\t\t<div class=\"elementor-widget-container\">\n\t\t\t\t\t\t\t\t\t\t\t\t\t<img decoding=\"async\" width=\"773\" height=\"492\" src=\"https:\/\/zdjesenik.cz\/wp-content\/uploads\/2024\/09\/DSC03827_6cw90sk7-e1727623063326.jpg\" class=\"attachment-large size-large wp-image-931\" alt=\"\" \/>\t\t\t\t\t\t\t\t\t\t\t\t\t<\/div>\n\t\t\t\t<\/div>\n\t\t\t\t<\/div>\n\t\t<div class=\"elementor-element elementor-element-0eb1d87 e-con-full e-flex e-con e-child\" data-id=\"0eb1d87\" data-element_type=\"container\">\n\t\t\t\t<div class=\"elementor-element elementor-element-b97a06e elementor-widget elementor-widget-image\" data-id=\"b97a06e\" data-element_type=\"widget\" data-widget_type=\"image.default\">\n\t\t\t\t<div class=\"elementor-widget-container\">\n\t\t\t\t\t\t\t\t\t\t\t\t\t<img loading=\"lazy\" decoding=\"async\" width=\"790\" height=\"492\" src=\"https:\/\/zdjesenik.cz\/wp-content\/uploads\/2024\/09\/DSC03872-e1727623050346.jpg\" class=\"attachment-large size-large wp-image-933\" alt=\"\" \/>\t\t\t\t\t\t\t\t\t\t\t\t\t<\/div>\n\t\t\t\t<\/div>\n\t\t\t\t<\/div>\n\t\t<div class=\"elementor-element elementor-element-9404184 e-con-full e-flex e-con e-child\" data-id=\"9404184\" data-element_type=\"container\">\n\t\t\t\t<div class=\"elementor-element elementor-element-7be0eea elementor-widget elementor-widget-image\" data-id=\"7be0eea\" data-element_type=\"widget\" data-widget_type=\"image.default\">\n\t\t\t\t<div class=\"elementor-widget-container\">\n\t\t\t\t\t\t\t\t\t\t\t\t\t<img loading=\"lazy\" decoding=\"async\" width=\"800\" height=\"504\" src=\"https:\/\/zdjesenik.cz\/wp-content\/uploads\/2024\/09\/DSC03831-1.jpg\" class=\"attachment-large size-large wp-image-943\" alt=\"\" srcset=\"https:\/\/zdjesenik.cz\/wp-content\/uploads\/2024\/09\/DSC03831-1.jpg 800w, https:\/\/zdjesenik.cz\/wp-content\/uploads\/2024\/09\/DSC03831-1-300x189.jpg 300w, https:\/\/zdjesenik.cz\/wp-content\/uploads\/2024\/09\/DSC03831-1-768x484.jpg 768w\" sizes=\"(max-width: 800px) 100vw, 800px\" \/>\t\t\t\t\t\t\t\t\t\t\t\t\t<\/div>\n\t\t\t\t<\/div>\n\t\t\t\t<\/div>\n\t\t<div class=\"elementor-element elementor-element-82b126d e-con-full e-flex e-con e-child\" data-id=\"82b126d\" data-element_type=\"container\">\n\t\t\t\t<div class=\"elementor-element elementor-element-5d1f7be elementor-widget elementor-widget-image\" data-id=\"5d1f7be\" data-element_type=\"widget\" data-widget_type=\"image.default\">\n\t\t\t\t<div class=\"elementor-widget-container\">\n\t\t\t\t\t\t\t\t\t\t\t\t\t<img loading=\"lazy\" decoding=\"async\" width=\"757\" height=\"492\" src=\"https:\/\/zdjesenik.cz\/wp-content\/uploads\/2024\/09\/DSC03820-e1727623079893.jpg\" class=\"attachment-large size-large wp-image-930\" alt=\"\" \/>\t\t\t\t\t\t\t\t\t\t\t\t\t<\/div>\n\t\t\t\t<\/div>\n\t\t\t\t<\/div>\n\t\t\t\t<\/div>\n\t\t<div class=\"elementor-element elementor-element-347e58e e-con-full e-flex e-con e-child\" data-id=\"347e58e\" data-element_type=\"container\">\n\t\t\t\t<div class=\"elementor-element elementor-element-030f016 elementor-widget elementor-widget-heading\" data-id=\"030f016\" data-element_type=\"widget\" data-widget_type=\"heading.default\">\n\t\t\t\t<div class=\"elementor-widget-container\">\n\t\t\t<h3 class=\"elementor-heading-title elementor-size-default\">Autobusov\u00e1 doprava<\/h3>\t\t<\/div>\n\t\t\t\t<\/div>\n\t\t\t\t<div class=\"elementor-element elementor-element-9869ab5 elementor-widget elementor-widget-text-editor\" data-id=\"9869ab5\" data-element_type=\"widget\" data-widget_type=\"text-editor.default\">\n\t\t\t\t<div class=\"elementor-widget-container\">\n\t\t\t\t\t\t\t<p>Nab\u00edz\u00edme autobusovou vnitrost\u00e1tn\u00ed i mezin\u00e1rodn\u00ed dopravu na\u0161im modern\u00edm klimatizovan\u00fdm autobusem BOVA Futura.<br>\nObsaditelnost: 49 + 2 m\u00edst, o bezprobl\u00e9movou j\u00edzdu se staraj\u00ed zku\u0161en\u00ed, profesion\u00e1ln\u00ed \u0159idi\u010di.<\/p>\n<p><strong>V\u00fdbava:<\/strong><\/p>\n<ul>\n<li>klimatizace, WC<\/li>\n<li>bar s n\u00e1pojov\u00fdm automatem a s mo\u017enost\u00ed zakoupen\u00ed chlazen\u00fdch n\u00e1poj\u016f<\/li>\n<\/ul>\n<div><br><strong>Odpov\u011bdn\u00fd pracovn\u00edk: Josef \u010cern\u00fd<\/strong>, mobil: <a href=\"tel: +420737290061\">737 290 061<\/a>, e-mail: <a class=\"imCssLink\" href=\"mailto: j.cerny@zdjesenik.cz\">j.cerny@zdjesenik.cz<\/a><\/div>\t\t\t\t\t\t<\/div>\n\t\t\t\t<\/div>\n\t\t\t\t<\/div>\n\t\t<div class=\"elementor-element elementor-element-bc7d504 e-con-full e-flex e-con e-child\" data-id=\"bc7d504\" data-element_type=\"container\">\n\t\t<div class=\"elementor-element elementor-element-d02e64b e-con-full e-flex e-con e-child\" data-id=\"d02e64b\" data-element_type=\"container\">\n\t\t\t\t<div class=\"elementor-element elementor-element-8b544fc elementor-widget elementor-widget-image\" data-id=\"8b544fc\" data-element_type=\"widget\" data-widget_type=\"image.default\">\n\t\t\t\t<div class=\"elementor-widget-container\">\n\t\t\t\t\t\t\t\t\t\t\t\t\t<img loading=\"lazy\" decoding=\"async\" width=\"800\" height=\"600\" src=\"https:\/\/zdjesenik.cz\/wp-content\/uploads\/2024\/10\/4bc91738-d005-44fa-b6f9-b64def7f1811-1024x768.jpeg\" class=\"attachment-large size-large wp-image-1859\" alt=\"\" srcset=\"https:\/\/zdjesenik.cz\/wp-content\/uploads\/2024\/10\/4bc91738-d005-44fa-b6f9-b64def7f1811-1024x768.jpeg 1024w, https:\/\/zdjesenik.cz\/wp-content\/uploads\/2024\/10\/4bc91738-d005-44fa-b6f9-b64def7f1811-300x225.jpeg 300w, https:\/\/zdjesenik.cz\/wp-content\/uploads\/2024\/10\/4bc91738-d005-44fa-b6f9-b64def7f1811-768x576.jpeg 768w, https:\/\/zdjesenik.cz\/wp-content\/uploads\/2024\/10\/4bc91738-d005-44fa-b6f9-b64def7f1811-1536x1152.jpeg 1536w, https:\/\/zdjesenik.cz\/wp-content\/uploads\/2024\/10\/4bc91738-d005-44fa-b6f9-b64def7f1811-e1729613199709.jpeg 800w\" sizes=\"(max-width: 800px) 100vw, 800px\" \/>\t\t\t\t\t\t\t\t\t\t\t\t\t<\/div>\n\t\t\t\t<\/div>\n\t\t\t\t<\/div>\n\t\t<div class=\"elementor-element elementor-element-18b1828 e-con-full e-flex e-con e-child\" data-id=\"18b1828\" data-element_type=\"container\">\n\t\t\t\t<div class=\"elementor-element elementor-element-e930d2f elementor-widget elementor-widget-image\" data-id=\"e930d2f\" data-element_type=\"widget\" data-widget_type=\"image.default\">\n\t\t\t\t<div class=\"elementor-widget-container\">\n\t\t\t\t\t\t\t\t\t\t\t\t\t<img loading=\"lazy\" decoding=\"async\" width=\"800\" height=\"600\" src=\"https:\/\/zdjesenik.cz\/wp-content\/uploads\/2024\/10\/00a677cf-3bfd-4af2-988d-812c2f6078ab-1024x768.jpeg\" class=\"attachment-large size-large wp-image-1867\" alt=\"\" srcset=\"https:\/\/zdjesenik.cz\/wp-content\/uploads\/2024\/10\/00a677cf-3bfd-4af2-988d-812c2f6078ab-1024x768.jpeg 1024w, https:\/\/zdjesenik.cz\/wp-content\/uploads\/2024\/10\/00a677cf-3bfd-4af2-988d-812c2f6078ab-300x225.jpeg 300w, https:\/\/zdjesenik.cz\/wp-content\/uploads\/2024\/10\/00a677cf-3bfd-4af2-988d-812c2f6078ab-768x576.jpeg 768w, https:\/\/zdjesenik.cz\/wp-content\/uploads\/2024\/10\/00a677cf-3bfd-4af2-988d-812c2f6078ab-1536x1152.jpeg 1536w, https:\/\/zdjesenik.cz\/wp-content\/uploads\/2024\/10\/00a677cf-3bfd-4af2-988d-812c2f6078ab-e1729613673151.jpeg 800w\" sizes=\"(max-width: 800px) 100vw, 800px\" \/>\t\t\t\t\t\t\t\t\t\t\t\t\t<\/div>\n\t\t\t\t<\/div>\n\t\t\t\t<\/div>\n\t\t<div class=\"elementor-element elementor-element-944582c e-con-full e-flex e-con e-child\" data-id=\"944582c\" data-element_type=\"container\">\n\t\t\t\t<div class=\"elementor-element elementor-element-346eca9 elementor-widget elementor-widget-image\" data-id=\"346eca9\" data-element_type=\"widget\" data-widget_type=\"image.default\">\n\t\t\t\t<div class=\"elementor-widget-container\">\n\t\t\t\t\t\t\t\t\t\t\t\t\t<img loading=\"lazy\" decoding=\"async\" width=\"800\" height=\"600\" src=\"https:\/\/zdjesenik.cz\/wp-content\/uploads\/2024\/10\/57c7c237-a54d-4bf0-9793-4e39de29f6ae-1024x768.jpeg\" class=\"attachment-large size-large wp-image-1860\" alt=\"\" srcset=\"https:\/\/zdjesenik.cz\/wp-content\/uploads\/2024\/10\/57c7c237-a54d-4bf0-9793-4e39de29f6ae-1024x768.jpeg 1024w, https:\/\/zdjesenik.cz\/wp-content\/uploads\/2024\/10\/57c7c237-a54d-4bf0-9793-4e39de29f6ae-300x225.jpeg 300w, https:\/\/zdjesenik.cz\/wp-content\/uploads\/2024\/10\/57c7c237-a54d-4bf0-9793-4e39de29f6ae-768x576.jpeg 768w, https:\/\/zdjesenik.cz\/wp-content\/uploads\/2024\/10\/57c7c237-a54d-4bf0-9793-4e39de29f6ae-1536x1152.jpeg 1536w, https:\/\/zdjesenik.cz\/wp-content\/uploads\/2024\/10\/57c7c237-a54d-4bf0-9793-4e39de29f6ae-e1729613232159.jpeg 800w\" sizes=\"(max-width: 800px) 100vw, 800px\" \/>\t\t\t\t\t\t\t\t\t\t\t\t\t<\/div>\n\t\t\t\t<\/div>\n\t\t\t\t<\/div>\n\t\t<div class=\"elementor-element elementor-element-34c25f2 e-con-full e-flex e-con e-child\" data-id=\"34c25f2\" data-element_type=\"container\">\n\t\t\t\t<div class=\"elementor-element elementor-element-bc2e857 elementor-widget elementor-widget-image\" data-id=\"bc2e857\" data-element_type=\"widget\" data-widget_type=\"image.default\">\n\t\t\t\t<div class=\"elementor-widget-container\">\n\t\t\t\t\t\t\t\t\t\t\t\t\t<img loading=\"lazy\" decoding=\"async\" width=\"800\" height=\"600\" src=\"https:\/\/zdjesenik.cz\/wp-content\/uploads\/2024\/10\/6c99d914-c8cd-45e1-bfc8-c97469522abb-1024x768.jpeg\" class=\"attachment-large size-large wp-image-1868\" alt=\"\" srcset=\"https:\/\/zdjesenik.cz\/wp-content\/uploads\/2024\/10\/6c99d914-c8cd-45e1-bfc8-c97469522abb-1024x768.jpeg 1024w, https:\/\/zdjesenik.cz\/wp-content\/uploads\/2024\/10\/6c99d914-c8cd-45e1-bfc8-c97469522abb-300x225.jpeg 300w, https:\/\/zdjesenik.cz\/wp-content\/uploads\/2024\/10\/6c99d914-c8cd-45e1-bfc8-c97469522abb-768x576.jpeg 768w, https:\/\/zdjesenik.cz\/wp-content\/uploads\/2024\/10\/6c99d914-c8cd-45e1-bfc8-c97469522abb-1536x1152.jpeg 1536w, https:\/\/zdjesenik.cz\/wp-content\/uploads\/2024\/10\/6c99d914-c8cd-45e1-bfc8-c97469522abb-e1729613730778.jpeg 800w\" sizes=\"(max-width: 800px) 100vw, 800px\" \/>\t\t\t\t\t\t\t\t\t\t\t\t\t<\/div>\n\t\t\t\t<\/div>\n\t\t\t\t<\/div>\n\t\t<div class=\"elementor-element elementor-element-1144db3 e-con-full e-flex e-con e-child\" data-id=\"1144db3\" data-element_type=\"container\">\n\t\t\t\t<div class=\"elementor-element elementor-element-d24f78f elementor-widget elementor-widget-image\" data-id=\"d24f78f\" data-element_type=\"widget\" data-widget_type=\"image.default\">\n\t\t\t\t<div class=\"elementor-widget-container\">\n\t\t\t\t\t\t\t\t\t\t\t\t\t<img loading=\"lazy\" decoding=\"async\" width=\"800\" height=\"600\" src=\"https:\/\/zdjesenik.cz\/wp-content\/uploads\/2024\/10\/3bdc975f-5777-4b41-a7ed-873233b13e04-1024x768.jpeg\" class=\"attachment-large size-large wp-image-1864\" alt=\"\" srcset=\"https:\/\/zdjesenik.cz\/wp-content\/uploads\/2024\/10\/3bdc975f-5777-4b41-a7ed-873233b13e04-1024x768.jpeg 1024w, https:\/\/zdjesenik.cz\/wp-content\/uploads\/2024\/10\/3bdc975f-5777-4b41-a7ed-873233b13e04-300x225.jpeg 300w, https:\/\/zdjesenik.cz\/wp-content\/uploads\/2024\/10\/3bdc975f-5777-4b41-a7ed-873233b13e04-768x576.jpeg 768w, https:\/\/zdjesenik.cz\/wp-content\/uploads\/2024\/10\/3bdc975f-5777-4b41-a7ed-873233b13e04-1536x1152.jpeg 1536w, https:\/\/zdjesenik.cz\/wp-content\/uploads\/2024\/10\/3bdc975f-5777-4b41-a7ed-873233b13e04-e1729613352864.jpeg 800w\" sizes=\"(max-width: 800px) 100vw, 800px\" \/>\t\t\t\t\t\t\t\t\t\t\t\t\t<\/div>\n\t\t\t\t<\/div>\n\t\t\t\t<\/div>\n\t\t<div class=\"elementor-element elementor-element-600e874 e-con-full e-flex e-con e-child\" data-id=\"600e874\" data-element_type=\"container\">\n\t\t\t\t<div class=\"elementor-element elementor-element-0beca37 elementor-widget elementor-widget-image\" data-id=\"0beca37\" data-element_type=\"widget\" data-widget_type=\"image.default\">\n\t\t\t\t<div class=\"elementor-widget-container\">\n\t\t\t\t\t\t\t\t\t\t\t\t\t<img loading=\"lazy\" decoding=\"async\" width=\"800\" height=\"600\" src=\"https:\/\/zdjesenik.cz\/wp-content\/uploads\/2024\/10\/c45ff088-bb3c-44ef-8ac5-a901b17a4554-1024x768.jpeg\" class=\"attachment-large size-large wp-image-1862\" alt=\"\" srcset=\"https:\/\/zdjesenik.cz\/wp-content\/uploads\/2024\/10\/c45ff088-bb3c-44ef-8ac5-a901b17a4554-1024x768.jpeg 1024w, https:\/\/zdjesenik.cz\/wp-content\/uploads\/2024\/10\/c45ff088-bb3c-44ef-8ac5-a901b17a4554-300x225.jpeg 300w, https:\/\/zdjesenik.cz\/wp-content\/uploads\/2024\/10\/c45ff088-bb3c-44ef-8ac5-a901b17a4554-768x576.jpeg 768w, https:\/\/zdjesenik.cz\/wp-content\/uploads\/2024\/10\/c45ff088-bb3c-44ef-8ac5-a901b17a4554-1536x1152.jpeg 1536w, https:\/\/zdjesenik.cz\/wp-content\/uploads\/2024\/10\/c45ff088-bb3c-44ef-8ac5-a901b17a4554-e1729613314593.jpeg 800w\" sizes=\"(max-width: 800px) 100vw, 800px\" \/>\t\t\t\t\t\t\t\t\t\t\t\t\t<\/div>\n\t\t\t\t<\/div>\n\t\t\t\t<\/div>\n\t\t\t\t<\/div>\n\t\t\t\t\t<\/div>\n\t\t\t\t<\/div>\n\t\t<div class=\"elementor-element elementor-element-d50d8e6 e-flex e-con-boxed e-con e-parent\" data-id=\"d50d8e6\" data-element_type=\"container\" data-settings=\"{&quot;background_background&quot;:&quot;classic&quot;}\">\n\t\t\t\t\t<div class=\"e-con-inner\">\n\t\t<div class=\"elementor-element elementor-element-b9967a1 e-con-full e-flex e-con e-child\" data-id=\"b9967a1\" data-element_type=\"container\">\n\t\t\t\t<div class=\"elementor-element elementor-element-3f703ea elementor-widget elementor-widget-image\" data-id=\"3f703ea\" data-element_type=\"widget\" data-widget_type=\"image.default\">\n\t\t\t\t<div class=\"elementor-widget-container\">\n\t\t\t\t\t\t\t\t\t\t\t\t\t<img loading=\"lazy\" decoding=\"async\" width=\"260\" height=\"260\" src=\"https:\/\/zdjesenik.cz\/wp-content\/uploads\/2024\/10\/ZDJ_logo_2017-png4_kaboflpp.png\" class=\"attachment-large size-large wp-image-1559\" alt=\"\" srcset=\"https:\/\/zdjesenik.cz\/wp-content\/uploads\/2024\/10\/ZDJ_logo_2017-png4_kaboflpp.png 260w, https:\/\/zdjesenik.cz\/wp-content\/uploads\/2024\/10\/ZDJ_logo_2017-png4_kaboflpp-150x150.png 150w\" sizes=\"(max-width: 260px) 100vw, 260px\" \/>\t\t\t\t\t\t\t\t\t\t\t\t\t<\/div>\n\t\t\t\t<\/div>\n\t\t\t\t<div class=\"elementor-element elementor-element-09b7251 elementor-hidden-mobile elementor-widget elementor-widget-button\" data-id=\"09b7251\" data-element_type=\"widget\" data-widget_type=\"button.default\">\n\t\t\t\t<div class=\"elementor-widget-container\">\n\t\t\t\t\t<div class=\"elementor-button-wrapper\">\n\t\t\t<a class=\"elementor-button elementor-button-link elementor-size-sm\" href=\"index.php\/kontakt\">\n\t\t\t\t\t\t<span class=\"elementor-button-content-wrapper\">\n\t\t\t\t\t\t\t\t\t<span class=\"elementor-button-text\">Kontaktn\u00ed informace<\/span>\n\t\t\t\t\t<\/span>\n\t\t\t\t\t<\/a>\n\t\t<\/div>\n\t\t\t\t<\/div>\n\t\t\t\t<\/div>\n\t\t\t\t<div class=\"elementor-element elementor-element-2dce0c3 elementor-widget elementor-widget-button\" data-id=\"2dce0c3\" data-element_type=\"widget\" data-widget_type=\"button.default\">\n\t\t\t\t<div class=\"elementor-widget-container\">\n\t\t\t\t\t<div class=\"elementor-button-wrapper\">\n\t\t\t<a class=\"elementor-button elementor-button-link elementor-size-sm\" href=\"index.php\/informace-pro-cleny\">\n\t\t\t\t\t\t<span class=\"elementor-button-content-wrapper\">\n\t\t\t\t\t\t\t\t\t<span class=\"elementor-button-text\">Informace pro \u010dleny<\/span>\n\t\t\t\t\t<\/span>\n\t\t\t\t\t<\/a>\n\t\t<\/div>\n\t\t\t\t<\/div>\n\t\t\t\t<\/div>\n\t\t\t\t<\/div>\n\t\t<div class=\"elementor-element elementor-element-99eb137 e-con-full e-flex e-con e-child\" data-id=\"99eb137\" data-element_type=\"container\" data-settings=\"{&quot;background_background&quot;:&quot;classic&quot;}\">\n\t\t<div class=\"elementor-element elementor-element-47de1de e-con-full e-flex e-con e-child\" data-id=\"47de1de\" data-element_type=\"container\">\n\t\t\t\t<div class=\"elementor-element elementor-element-4404373 elementor-widget__width-inherit elementor-widget elementor-widget-text-editor\" data-id=\"4404373\" data-element_type=\"widget\" data-widget_type=\"text-editor.default\">\n\t\t\t\t<div class=\"elementor-widget-container\">\n\t\t\t\t\t\t\t\u00a9 Designed By <a style=\"color: #fffffff7; text-decoration: underline;\" target=\"_blank\" href=\"https:\/\/web-stranky-na-miru.cz\/\">Jan Kal\u00e1b<\/a>. V\u0161echna pr\u00e1va vyhrazena.\t\t\t\t\t\t<\/div>\n\t\t\t\t<\/div>\n\t\t\t\t<\/div>\n\t\t\t\t<\/div>\n\t\t\t\t\t<\/div>\n\t\t\t\t<\/div>\n\t\t\t\t<\/div>\n\t\t","protected":false},"excerpt":{"rendered":"<p>SILNI\u010cN\u00cd DOPRAVA V oblasti dopravy nab\u00edz\u00edme tyto slu\u017eby zemn\u00ed pr\u00e1ce teleskopick\u00fdm naklada\u010dem je\u0159\u00e1bnick\u00e9 pr\u00e1ce V3S 8t doprava sypk\u00fdch materi\u00e1l\u016f pron\u00e1jem a odvoz kontejner\u016f autobusov\u00e1 doprava Autobusov\u00e1 doprava Nab\u00edz\u00edme autobusovou vnitrost\u00e1tn\u00ed i mezin\u00e1rodn\u00ed dopravu na\u0161im modern\u00edm klimatizovan\u00fdm autobusem BOVA Futura. Obsaditelnost: 49 + 2 m\u00edst, o bezprobl\u00e9movou j\u00edzdu se staraj\u00ed zku\u0161en\u00ed, profesion\u00e1ln\u00ed \u0159idi\u010di. V\u00fdbava: klimatizace, WC [&hellip;]<\/p>\n","protected":false},"author":1,"featured_media":0,"parent":0,"menu_order":0,"comment_status":"closed","ping_status":"closed","template":"","meta":{"footnotes":""},"class_list":["post-856","page","type-page","status-publish","hentry"],"_links":{"self":[{"href":"https:\/\/zdjesenik.cz\/index.php\/wp-json\/wp\/v2\/pages\/856","targetHints":{"allow":["GET"]}}],"collection":[{"href":"https:\/\/zdjesenik.cz\/index.php\/wp-json\/wp\/v2\/pages"}],"about":[{"href":"https:\/\/zdjesenik.cz\/index.php\/wp-json\/wp\/v2\/types\/page"}],"author":[{"embeddable":true,"href":"https:\/\/zdjesenik.cz\/index.php\/wp-json\/wp\/v2\/users\/1"}],"replies":[{"embeddable":true,"href":"https:\/\/zdjesenik.cz\/index.php\/wp-json\/wp\/v2\/comments?post=856"}],"version-history":[{"count":77,"href":"https:\/\/zdjesenik.cz\/index.php\/wp-json\/wp\/v2\/pages\/856\/revisions"}],"predecessor-version":[{"id":1904,"href":"https:\/\/zdjesenik.cz\/index.php\/wp-json\/wp\/v2\/pages\/856\/revisions\/1904"}],"wp:attachment":[{"href":"https:\/\/zdjesenik.cz\/index.php\/wp-json\/wp\/v2\/media?parent=856"}],"curies":[{"name":"wp","href":"https:\/\/api.w.org\/{rel}","templated":true}]}}