{"id":844,"date":"2024-09-29T15:51:00","date_gmt":"2024-09-29T13:51:00","guid":{"rendered":"http:\/\/localhost:8888\/jzd-jesenik\/?page_id=844"},"modified":"2024-11-13T16:26:01","modified_gmt":"2024-11-13T15:26:01","slug":"rostlinna-vyroba","status":"publish","type":"page","link":"https:\/\/zdjesenik.cz\/index.php\/rostlinna-vyroba\/","title":{"rendered":"ROSTLINN\u00c1 V\u00ddROBA"},"content":{"rendered":"\t\t<div data-elementor-type=\"wp-page\" data-elementor-id=\"844\" class=\"elementor elementor-844\">\n\t\t\t\t<div class=\"elementor-element elementor-element-af6cd1f e-flex e-con-boxed e-con e-parent\" data-id=\"af6cd1f\" data-element_type=\"container\" data-settings=\"{&quot;background_background&quot;:&quot;slideshow&quot;,&quot;animation&quot;:&quot;none&quot;,&quot;background_slideshow_gallery&quot;:[{&quot;id&quot;:589,&quot;url&quot;:&quot;https:\\\/\\\/zdjesenik.cz\\\/wp-content\\\/uploads\\\/2024\\\/09\\\/P5310238-500_xvxu0oa7.jpg&quot;}],&quot;background_slideshow_loop&quot;:&quot;yes&quot;,&quot;background_slideshow_slide_duration&quot;:5000,&quot;background_slideshow_slide_transition&quot;:&quot;fade&quot;,&quot;background_slideshow_transition_duration&quot;:500}\">\n\t\t\t\t\t<div class=\"e-con-inner\">\n\t\t\t\t\t<\/div>\n\t\t\t\t<\/div>\n\t\t<div class=\"elementor-element elementor-element-e9baaac e-con-full e-flex e-con e-child\" data-id=\"e9baaac\" data-element_type=\"container\" data-settings=\"{&quot;background_background&quot;:&quot;classic&quot;}\">\n\t\t<div class=\"elementor-element elementor-element-0d7aa58 e-con-full e-flex e-con e-child\" data-id=\"0d7aa58\" data-element_type=\"container\">\n\t\t\t\t<div class=\"elementor-element elementor-element-5207376 elementor-widget elementor-widget-heading\" data-id=\"5207376\" data-element_type=\"widget\" data-widget_type=\"heading.default\">\n\t\t\t\t<div class=\"elementor-widget-container\">\n\t\t\t<style>\/*! elementor - v3.23.0 - 05-08-2024 *\/\n.elementor-heading-title{padding:0;margin:0;line-height:1}.elementor-widget-heading .elementor-heading-title[class*=elementor-size-]>a{color:inherit;font-size:inherit;line-height:inherit}.elementor-widget-heading .elementor-heading-title.elementor-size-small{font-size:15px}.elementor-widget-heading .elementor-heading-title.elementor-size-medium{font-size:19px}.elementor-widget-heading .elementor-heading-title.elementor-size-large{font-size:29px}.elementor-widget-heading .elementor-heading-title.elementor-size-xl{font-size:39px}.elementor-widget-heading .elementor-heading-title.elementor-size-xxl{font-size:59px}<\/style><h2 class=\"elementor-heading-title elementor-size-default\">ROSTLINN\u00c1 V\u00ddROBA<\/h2>\t\t<\/div>\n\t\t\t\t<\/div>\n\t\t\t\t<\/div>\n\t\t\t\t<\/div>\n\t\t<div class=\"elementor-element elementor-element-b272064 e-flex e-con-boxed e-con e-parent\" data-id=\"b272064\" data-element_type=\"container\" data-settings=\"{&quot;background_background&quot;:&quot;classic&quot;}\">\n\t\t\t\t\t<div class=\"e-con-inner\">\n\t\t\t\t<div class=\"elementor-element elementor-element-68265fb elementor-widget elementor-widget-text-editor\" data-id=\"68265fb\" data-element_type=\"widget\" data-widget_type=\"text-editor.default\">\n\t\t\t\t<div class=\"elementor-widget-container\">\n\t\t\t<style>\/*! elementor - v3.23.0 - 05-08-2024 *\/\n.elementor-widget-text-editor.elementor-drop-cap-view-stacked .elementor-drop-cap{background-color:#69727d;color:#fff}.elementor-widget-text-editor.elementor-drop-cap-view-framed .elementor-drop-cap{color:#69727d;border:3px solid;background-color:transparent}.elementor-widget-text-editor:not(.elementor-drop-cap-view-default) .elementor-drop-cap{margin-top:8px}.elementor-widget-text-editor:not(.elementor-drop-cap-view-default) .elementor-drop-cap-letter{width:1em;height:1em}.elementor-widget-text-editor .elementor-drop-cap{float:left;text-align:center;line-height:1;font-size:50px}.elementor-widget-text-editor .elementor-drop-cap-letter{display:inline-block}<\/style>\t\t\t\t<p>Specializujeme se p\u0159edev\u0161\u00edm na p\u011bstov\u00e1n\u00ed objemn\u00fdch krmiv pro dojnice a ostatn\u00ed skupiny hospod\u00e1\u0159sk\u00fdch zv\u00ed\u0159at s nulov\u00fdm pod\u00edlem tr\u017en\u00edch plodin.<br><\/p>\t\t\t\t\t\t<\/div>\n\t\t\t\t<\/div>\n\t\t<div class=\"elementor-element elementor-element-9fc16fe e-con-full e-flex e-con e-child\" data-id=\"9fc16fe\" data-element_type=\"container\">\n\t\t\t\t<div class=\"elementor-element elementor-element-7508006 elementor-widget elementor-widget-heading\" data-id=\"7508006\" data-element_type=\"widget\" data-widget_type=\"heading.default\">\n\t\t\t\t<div class=\"elementor-widget-container\">\n\t\t\t<h3 class=\"elementor-heading-title elementor-size-default\">St\u0159edisko rostlinn\u00e9 v\u00fdroby nab\u00edz\u00ed<\/h3>\t\t<\/div>\n\t\t\t\t<\/div>\n\t\t\t\t<div class=\"elementor-element elementor-element-baffae6 elementor-widget elementor-widget-text-editor\" data-id=\"baffae6\" data-element_type=\"widget\" data-widget_type=\"text-editor.default\">\n\t\t\t\t<div class=\"elementor-widget-container\">\n\t\t\t\t\t\t\t<ul>\n \t<li>traktorov\u00e9 pr\u00e1ce (orba, vl\u00e1\u010den\u00ed, v\u00e1len\u00ed, p\u0159eprava materi\u00e1lu)<\/li>\n \t<li>se\u010den\u00ed rota\u010dn\u00ed li\u0161tou<\/li>\n \t<li>obracen\u00ed sena<\/li>\n \t<li>skulov\u00e1n\u00ed sena<\/li>\n \t<li>svoz sen\u00e1\u017en\u00edm vozem<\/li>\n \t<li>prov\u00e1d\u011bn\u00ed chemick\u00fdch post\u0159ik\u016f<\/li>\n \t<li>mul\u010dov\u00e1n\u00ed<\/li>\n \t<li>prodej hnoje<\/li>\n<\/ul>\n\n<br\/><strong><span class=\"fs14lh1-5 ff1\">Vedouc\u00ed st\u0159ediska: <\/span><\/strong><span class=\"fs14lh1-5 ff1\"><strong>Radek Lattenberg<\/strong>, mobil: <a href=\"tel:+420732648022\">732 648 022<\/a>, e-mail:\u00a0<a class=\"imCssLink\" href=\"mailto:r.lattenberg@zdjesenik.cz\">r.lattenberg@zdjesenik.cz<\/a><\/span>\t\t\t\t\t\t<\/div>\n\t\t\t\t<\/div>\n\t\t\t\t<\/div>\n\t\t<div class=\"elementor-element elementor-element-1a618bc e-con-full e-flex e-con e-child\" data-id=\"1a618bc\" data-element_type=\"container\">\n\t\t<div class=\"elementor-element elementor-element-7da4b29 e-con-full e-flex e-con e-child\" data-id=\"7da4b29\" data-element_type=\"container\">\n\t\t\t\t<div class=\"elementor-element elementor-element-8ae6f46 elementor-widget elementor-widget-image\" data-id=\"8ae6f46\" data-element_type=\"widget\" data-widget_type=\"image.default\">\n\t\t\t\t<div class=\"elementor-widget-container\">\n\t\t\t<style>\/*! elementor - v3.23.0 - 05-08-2024 *\/\n.elementor-widget-image{text-align:center}.elementor-widget-image a{display:inline-block}.elementor-widget-image a img[src$=\".svg\"]{width:48px}.elementor-widget-image img{vertical-align:middle;display:inline-block}<\/style>\t\t\t\t\t\t\t\t\t\t<img fetchpriority=\"high\" decoding=\"async\" width=\"800\" height=\"600\" src=\"https:\/\/zdjesenik.cz\/wp-content\/uploads\/2024\/09\/P6020204.jpg\" class=\"attachment-large size-large wp-image-864\" alt=\"\" srcset=\"https:\/\/zdjesenik.cz\/wp-content\/uploads\/2024\/09\/P6020204.jpg 800w, https:\/\/zdjesenik.cz\/wp-content\/uploads\/2024\/09\/P6020204-300x225.jpg 300w, https:\/\/zdjesenik.cz\/wp-content\/uploads\/2024\/09\/P6020204-768x576.jpg 768w\" sizes=\"(max-width: 800px) 100vw, 800px\" \/>\t\t\t\t\t\t\t\t\t\t\t\t\t<\/div>\n\t\t\t\t<\/div>\n\t\t\t\t<\/div>\n\t\t<div class=\"elementor-element elementor-element-ca39c54 e-con-full e-flex e-con e-child\" data-id=\"ca39c54\" data-element_type=\"container\">\n\t\t\t\t<div class=\"elementor-element elementor-element-94dbbb7 elementor-widget elementor-widget-image\" data-id=\"94dbbb7\" data-element_type=\"widget\" data-widget_type=\"image.default\">\n\t\t\t\t<div class=\"elementor-widget-container\">\n\t\t\t\t\t\t\t\t\t\t\t\t\t<img decoding=\"async\" width=\"800\" height=\"600\" src=\"https:\/\/zdjesenik.cz\/wp-content\/uploads\/2024\/09\/P6020195.jpg\" class=\"attachment-large size-large wp-image-863\" alt=\"\" srcset=\"https:\/\/zdjesenik.cz\/wp-content\/uploads\/2024\/09\/P6020195.jpg 800w, https:\/\/zdjesenik.cz\/wp-content\/uploads\/2024\/09\/P6020195-300x225.jpg 300w, https:\/\/zdjesenik.cz\/wp-content\/uploads\/2024\/09\/P6020195-768x576.jpg 768w\" sizes=\"(max-width: 800px) 100vw, 800px\" \/>\t\t\t\t\t\t\t\t\t\t\t\t\t<\/div>\n\t\t\t\t<\/div>\n\t\t\t\t<\/div>\n\t\t<div class=\"elementor-element elementor-element-076d9cf e-con-full e-flex e-con e-child\" data-id=\"076d9cf\" data-element_type=\"container\">\n\t\t\t\t<div class=\"elementor-element elementor-element-4f0f134 elementor-widget elementor-widget-image\" data-id=\"4f0f134\" data-element_type=\"widget\" data-widget_type=\"image.default\">\n\t\t\t\t<div class=\"elementor-widget-container\">\n\t\t\t\t\t\t\t\t\t\t\t\t\t<img decoding=\"async\" width=\"800\" height=\"600\" src=\"https:\/\/zdjesenik.cz\/wp-content\/uploads\/2024\/09\/P6150076.jpg\" class=\"attachment-large size-large wp-image-865\" alt=\"\" srcset=\"https:\/\/zdjesenik.cz\/wp-content\/uploads\/2024\/09\/P6150076.jpg 800w, https:\/\/zdjesenik.cz\/wp-content\/uploads\/2024\/09\/P6150076-300x225.jpg 300w, https:\/\/zdjesenik.cz\/wp-content\/uploads\/2024\/09\/P6150076-768x576.jpg 768w\" sizes=\"(max-width: 800px) 100vw, 800px\" \/>\t\t\t\t\t\t\t\t\t\t\t\t\t<\/div>\n\t\t\t\t<\/div>\n\t\t\t\t<\/div>\n\t\t<div class=\"elementor-element elementor-element-a92a723 e-con-full e-flex e-con e-child\" data-id=\"a92a723\" data-element_type=\"container\">\n\t\t\t\t<div class=\"elementor-element elementor-element-862dc5a elementor-widget elementor-widget-image\" data-id=\"862dc5a\" data-element_type=\"widget\" data-widget_type=\"image.default\">\n\t\t\t\t<div class=\"elementor-widget-container\">\n\t\t\t\t\t\t\t\t\t\t\t\t\t<img loading=\"lazy\" decoding=\"async\" width=\"600\" height=\"450\" src=\"https:\/\/zdjesenik.cz\/wp-content\/uploads\/2024\/09\/zemedelska-technika-10-large.jpg\" class=\"attachment-large size-large wp-image-868\" alt=\"\" srcset=\"https:\/\/zdjesenik.cz\/wp-content\/uploads\/2024\/09\/zemedelska-technika-10-large.jpg 600w, https:\/\/zdjesenik.cz\/wp-content\/uploads\/2024\/09\/zemedelska-technika-10-large-300x225.jpg 300w\" sizes=\"(max-width: 600px) 100vw, 600px\" \/>\t\t\t\t\t\t\t\t\t\t\t\t\t<\/div>\n\t\t\t\t<\/div>\n\t\t\t\t<\/div>\n\t\t<div class=\"elementor-element elementor-element-b757795 e-con-full e-flex e-con e-child\" data-id=\"b757795\" data-element_type=\"container\">\n\t\t\t\t<div class=\"elementor-element elementor-element-0487a65 elementor-widget elementor-widget-image\" data-id=\"0487a65\" data-element_type=\"widget\" data-widget_type=\"image.default\">\n\t\t\t\t<div class=\"elementor-widget-container\">\n\t\t\t\t\t\t\t\t\t\t\t\t\t<img loading=\"lazy\" decoding=\"async\" width=\"600\" height=\"450\" src=\"https:\/\/zdjesenik.cz\/wp-content\/uploads\/2024\/09\/zemedelska-technika-02-large.jpg\" class=\"attachment-large size-large wp-image-866\" alt=\"\" srcset=\"https:\/\/zdjesenik.cz\/wp-content\/uploads\/2024\/09\/zemedelska-technika-02-large.jpg 600w, https:\/\/zdjesenik.cz\/wp-content\/uploads\/2024\/09\/zemedelska-technika-02-large-300x225.jpg 300w\" sizes=\"(max-width: 600px) 100vw, 600px\" \/>\t\t\t\t\t\t\t\t\t\t\t\t\t<\/div>\n\t\t\t\t<\/div>\n\t\t\t\t<\/div>\n\t\t<div class=\"elementor-element elementor-element-e6cbd2c e-con-full e-flex e-con e-child\" data-id=\"e6cbd2c\" data-element_type=\"container\">\n\t\t\t\t<div class=\"elementor-element elementor-element-c868c55 elementor-widget elementor-widget-image\" data-id=\"c868c55\" data-element_type=\"widget\" data-widget_type=\"image.default\">\n\t\t\t\t<div class=\"elementor-widget-container\">\n\t\t\t\t\t\t\t\t\t\t\t\t\t<img loading=\"lazy\" decoding=\"async\" width=\"600\" height=\"450\" src=\"https:\/\/zdjesenik.cz\/wp-content\/uploads\/2024\/09\/zemedelska-technika-04-large.jpg\" class=\"attachment-large size-large wp-image-867\" alt=\"\" srcset=\"https:\/\/zdjesenik.cz\/wp-content\/uploads\/2024\/09\/zemedelska-technika-04-large.jpg 600w, https:\/\/zdjesenik.cz\/wp-content\/uploads\/2024\/09\/zemedelska-technika-04-large-300x225.jpg 300w\" sizes=\"(max-width: 600px) 100vw, 600px\" \/>\t\t\t\t\t\t\t\t\t\t\t\t\t<\/div>\n\t\t\t\t<\/div>\n\t\t\t\t<\/div>\n\t\t\t\t<\/div>\n\t\t\t\t\t<\/div>\n\t\t\t\t<\/div>\n\t\t<div class=\"elementor-element elementor-element-b1971a3 e-flex e-con-boxed e-con e-parent\" data-id=\"b1971a3\" data-element_type=\"container\" data-settings=\"{&quot;background_background&quot;:&quot;classic&quot;}\">\n\t\t\t\t\t<div class=\"e-con-inner\">\n\t\t<div class=\"elementor-element elementor-element-c5065ff e-con-full e-flex e-con e-child\" data-id=\"c5065ff\" data-element_type=\"container\">\n\t\t\t\t<div class=\"elementor-element elementor-element-9a255b6 elementor-widget elementor-widget-image\" data-id=\"9a255b6\" data-element_type=\"widget\" data-widget_type=\"image.default\">\n\t\t\t\t<div class=\"elementor-widget-container\">\n\t\t\t\t\t\t\t\t\t\t\t\t\t<img loading=\"lazy\" decoding=\"async\" width=\"260\" height=\"260\" src=\"https:\/\/zdjesenik.cz\/wp-content\/uploads\/2024\/10\/ZDJ_logo_2017-png4_kaboflpp.png\" class=\"attachment-large size-large wp-image-1559\" alt=\"\" srcset=\"https:\/\/zdjesenik.cz\/wp-content\/uploads\/2024\/10\/ZDJ_logo_2017-png4_kaboflpp.png 260w, https:\/\/zdjesenik.cz\/wp-content\/uploads\/2024\/10\/ZDJ_logo_2017-png4_kaboflpp-150x150.png 150w\" sizes=\"(max-width: 260px) 100vw, 260px\" \/>\t\t\t\t\t\t\t\t\t\t\t\t\t<\/div>\n\t\t\t\t<\/div>\n\t\t\t\t<div class=\"elementor-element elementor-element-ed6a856 elementor-hidden-mobile elementor-widget elementor-widget-button\" data-id=\"ed6a856\" data-element_type=\"widget\" data-widget_type=\"button.default\">\n\t\t\t\t<div class=\"elementor-widget-container\">\n\t\t\t\t\t<div class=\"elementor-button-wrapper\">\n\t\t\t<a class=\"elementor-button elementor-button-link elementor-size-sm\" href=\"index.php\/kontakt\">\n\t\t\t\t\t\t<span class=\"elementor-button-content-wrapper\">\n\t\t\t\t\t\t\t\t\t<span class=\"elementor-button-text\">Kontaktn\u00ed informace<\/span>\n\t\t\t\t\t<\/span>\n\t\t\t\t\t<\/a>\n\t\t<\/div>\n\t\t\t\t<\/div>\n\t\t\t\t<\/div>\n\t\t\t\t<div class=\"elementor-element elementor-element-260a2ca elementor-widget elementor-widget-button\" data-id=\"260a2ca\" data-element_type=\"widget\" data-widget_type=\"button.default\">\n\t\t\t\t<div class=\"elementor-widget-container\">\n\t\t\t\t\t<div class=\"elementor-button-wrapper\">\n\t\t\t<a class=\"elementor-button elementor-button-link elementor-size-sm\" href=\"index.php\/informace-pro-cleny\">\n\t\t\t\t\t\t<span class=\"elementor-button-content-wrapper\">\n\t\t\t\t\t\t\t\t\t<span class=\"elementor-button-text\">Informace pro \u010dleny<\/span>\n\t\t\t\t\t<\/span>\n\t\t\t\t\t<\/a>\n\t\t<\/div>\n\t\t\t\t<\/div>\n\t\t\t\t<\/div>\n\t\t\t\t<\/div>\n\t\t<div class=\"elementor-element elementor-element-7a1bb16 e-con-full e-flex e-con e-child\" data-id=\"7a1bb16\" data-element_type=\"container\" data-settings=\"{&quot;background_background&quot;:&quot;classic&quot;}\">\n\t\t<div class=\"elementor-element elementor-element-72c9845 e-con-full e-flex e-con e-child\" data-id=\"72c9845\" data-element_type=\"container\">\n\t\t\t\t<div class=\"elementor-element elementor-element-feb959e elementor-widget__width-inherit elementor-widget elementor-widget-text-editor\" data-id=\"feb959e\" data-element_type=\"widget\" data-widget_type=\"text-editor.default\">\n\t\t\t\t<div class=\"elementor-widget-container\">\n\t\t\t\t\t\t\t\u00a9 Designed By <a style=\"color: #fffffff7; text-decoration: underline;\" target=\"_blank\" href=\"https:\/\/web-stranky-na-miru.cz\/\">Jan Kal\u00e1b<\/a>. V\u0161echna pr\u00e1va vyhrazena.\t\t\t\t\t\t<\/div>\n\t\t\t\t<\/div>\n\t\t\t\t<\/div>\n\t\t\t\t<\/div>\n\t\t\t\t\t<\/div>\n\t\t\t\t<\/div>\n\t\t\t\t<\/div>\n\t\t","protected":false},"excerpt":{"rendered":"<p>ROSTLINN\u00c1 V\u00ddROBA Specializujeme se p\u0159edev\u0161\u00edm na p\u011bstov\u00e1n\u00ed objemn\u00fdch krmiv pro dojnice a ostatn\u00ed skupiny hospod\u00e1\u0159sk\u00fdch zv\u00ed\u0159at s nulov\u00fdm pod\u00edlem tr\u017en\u00edch plodin. St\u0159edisko rostlinn\u00e9 v\u00fdroby nab\u00edz\u00ed traktorov\u00e9 pr\u00e1ce (orba, vl\u00e1\u010den\u00ed, v\u00e1len\u00ed, p\u0159eprava materi\u00e1lu) se\u010den\u00ed rota\u010dn\u00ed li\u0161tou obracen\u00ed sena skulov\u00e1n\u00ed sena svoz sen\u00e1\u017en\u00edm vozem prov\u00e1d\u011bn\u00ed chemick\u00fdch post\u0159ik\u016f mul\u010dov\u00e1n\u00ed prodej hnoje Vedouc\u00ed st\u0159ediska: Radek Lattenberg, mobil: 732 648 [&hellip;]<\/p>\n","protected":false},"author":1,"featured_media":0,"parent":0,"menu_order":0,"comment_status":"closed","ping_status":"closed","template":"","meta":{"footnotes":""},"class_list":["post-844","page","type-page","status-publish","hentry"],"_links":{"self":[{"href":"https:\/\/zdjesenik.cz\/index.php\/wp-json\/wp\/v2\/pages\/844","targetHints":{"allow":["GET"]}}],"collection":[{"href":"https:\/\/zdjesenik.cz\/index.php\/wp-json\/wp\/v2\/pages"}],"about":[{"href":"https:\/\/zdjesenik.cz\/index.php\/wp-json\/wp\/v2\/types\/page"}],"author":[{"embeddable":true,"href":"https:\/\/zdjesenik.cz\/index.php\/wp-json\/wp\/v2\/users\/1"}],"replies":[{"embeddable":true,"href":"https:\/\/zdjesenik.cz\/index.php\/wp-json\/wp\/v2\/comments?post=844"}],"version-history":[{"count":52,"href":"https:\/\/zdjesenik.cz\/index.php\/wp-json\/wp\/v2\/pages\/844\/revisions"}],"predecessor-version":[{"id":1919,"href":"https:\/\/zdjesenik.cz\/index.php\/wp-json\/wp\/v2\/pages\/844\/revisions\/1919"}],"wp:attachment":[{"href":"https:\/\/zdjesenik.cz\/index.php\/wp-json\/wp\/v2\/media?parent=844"}],"curies":[{"name":"wp","href":"https:\/\/api.w.org\/{rel}","templated":true}]}}