{"id":34,"date":"2024-09-06T14:01:08","date_gmt":"2024-09-06T12:01:08","guid":{"rendered":"http:\/\/localhost:8888\/jzd-jesenik\/index.php\/our-story\/"},"modified":"2024-11-13T16:26:36","modified_gmt":"2024-11-13T15:26:36","slug":"zivocisna-vyroba","status":"publish","type":"page","link":"https:\/\/zdjesenik.cz\/index.php\/zivocisna-vyroba\/","title":{"rendered":"\u017dIVO\u010cI\u0160N\u00c1 V\u00ddROBA"},"content":{"rendered":"\t\t<div data-elementor-type=\"wp-page\" data-elementor-id=\"34\" class=\"elementor elementor-34\">\n\t\t\t\t<div class=\"elementor-element elementor-element-b8c7378 e-flex e-con-boxed e-con e-parent\" data-id=\"b8c7378\" data-element_type=\"container\" data-settings=\"{&quot;background_background&quot;:&quot;slideshow&quot;,&quot;animation&quot;:&quot;none&quot;,&quot;background_slideshow_gallery&quot;:[{&quot;id&quot;:584,&quot;url&quot;:&quot;https:\\\/\\\/zdjesenik.cz\\\/wp-content\\\/uploads\\\/2024\\\/09\\\/DSC01832c.jpg&quot;}],&quot;background_slideshow_loop&quot;:&quot;yes&quot;,&quot;background_slideshow_slide_duration&quot;:5000,&quot;background_slideshow_slide_transition&quot;:&quot;fade&quot;,&quot;background_slideshow_transition_duration&quot;:500}\">\n\t\t\t\t\t<div class=\"e-con-inner\">\n\t\t\t\t\t<\/div>\n\t\t\t\t<\/div>\n\t\t<div class=\"elementor-element elementor-element-5783638 e-con-full e-flex e-con e-child\" data-id=\"5783638\" data-element_type=\"container\" data-settings=\"{&quot;background_background&quot;:&quot;classic&quot;}\">\n\t\t<div class=\"elementor-element elementor-element-e43b047 e-con-full e-flex e-con e-child\" data-id=\"e43b047\" data-element_type=\"container\">\n\t\t\t\t<div class=\"elementor-element elementor-element-b76f100 elementor-widget elementor-widget-heading\" data-id=\"b76f100\" data-element_type=\"widget\" data-widget_type=\"heading.default\">\n\t\t\t\t<div class=\"elementor-widget-container\">\n\t\t\t<style>\/*! elementor - v3.23.0 - 05-08-2024 *\/\n.elementor-heading-title{padding:0;margin:0;line-height:1}.elementor-widget-heading .elementor-heading-title[class*=elementor-size-]>a{color:inherit;font-size:inherit;line-height:inherit}.elementor-widget-heading .elementor-heading-title.elementor-size-small{font-size:15px}.elementor-widget-heading .elementor-heading-title.elementor-size-medium{font-size:19px}.elementor-widget-heading .elementor-heading-title.elementor-size-large{font-size:29px}.elementor-widget-heading .elementor-heading-title.elementor-size-xl{font-size:39px}.elementor-widget-heading .elementor-heading-title.elementor-size-xxl{font-size:59px}<\/style><h2 class=\"elementor-heading-title elementor-size-default\">\u017dIVO\u010cI\u0160N\u00c1 V\u00ddROBA<\/h2>\t\t<\/div>\n\t\t\t\t<\/div>\n\t\t\t\t<\/div>\n\t\t\t\t<\/div>\n\t\t<div class=\"elementor-element elementor-element-8f52b0c e-flex e-con-boxed e-con e-parent\" data-id=\"8f52b0c\" data-element_type=\"container\" data-settings=\"{&quot;background_background&quot;:&quot;classic&quot;}\">\n\t\t\t\t\t<div class=\"e-con-inner\">\n\t\t\t\t<div class=\"elementor-element elementor-element-a18767f elementor-widget elementor-widget-heading\" data-id=\"a18767f\" data-element_type=\"widget\" data-widget_type=\"heading.default\">\n\t\t\t\t<div class=\"elementor-widget-container\">\n\t\t\t<h3 class=\"elementor-heading-title elementor-size-default\">Chov ml\u00e9\u010dn\u00e9ho skotu pastevn\u00edm zp\u016fsobem<\/h3>\t\t<\/div>\n\t\t\t\t<\/div>\n\t\t\t\t<div class=\"elementor-element elementor-element-c3fa0f2 elementor-widget elementor-widget-text-editor\" data-id=\"c3fa0f2\" data-element_type=\"widget\" data-widget_type=\"text-editor.default\">\n\t\t\t\t<div class=\"elementor-widget-container\">\n\t\t\t<style>\/*! elementor - v3.23.0 - 05-08-2024 *\/\n.elementor-widget-text-editor.elementor-drop-cap-view-stacked .elementor-drop-cap{background-color:#69727d;color:#fff}.elementor-widget-text-editor.elementor-drop-cap-view-framed .elementor-drop-cap{color:#69727d;border:3px solid;background-color:transparent}.elementor-widget-text-editor:not(.elementor-drop-cap-view-default) .elementor-drop-cap{margin-top:8px}.elementor-widget-text-editor:not(.elementor-drop-cap-view-default) .elementor-drop-cap-letter{width:1em;height:1em}.elementor-widget-text-editor .elementor-drop-cap{float:left;text-align:center;line-height:1;font-size:50px}.elementor-widget-text-editor .elementor-drop-cap-letter{display:inline-block}<\/style>\t\t\t\t<ul>\n<li>V\u00fdroba ml\u00e9ka, prodej chovn\u00e9ho skotu, zastavov\u00fdch b\u00fd\u010dk\u016f a vysokob\u0159ez\u00edch jalovic.<\/li>\n<li>Na dvou farm\u00e1ch v \u00fadol\u00ed \u0159eky B\u011bl\u00e9 chov\u00e1me okolo 500 ks dojnic hol\u0161t\u00fdnsk\u00e9ho plemene a k\u0159\u00ed\u017eenky s plemeny \u010cesk\u00e9 strakat\u00e9 a Mountbeliard.<\/li>\n<li>Dojnice i chovn\u00e9 jalovice jsou v letn\u00edm obdob\u00ed odchov\u00e1ny pastevn\u00edm zp\u016fsobem na okoln\u00edch pastvin\u00e1ch. Jinak jsou zv\u00ed\u0159ata chov\u00e1na ve voln\u00e9m boxov\u00e9m ust\u00e1jen\u00ed s matracemi a vyhrnov\u00e1n\u00edm kejdy pomoc\u00ed automaticky ovl\u00e1dan\u00fdch shrnovac\u00edch lopat. Dojnice jsou krmeny se z\u0159etelem na u\u017eitkovost 8200l na dojnici sm\u011bsnou krmnou d\u00e1vkou, kter\u00e1 se v zimn\u00edm obdob\u00ed skl\u00e1d\u00e1 z kuku\u0159i\u010dn\u00e9 sil\u00e1\u017ee, travn\u00ed sen\u00e1\u017ee, luskovino-obiln\u00ed sen\u00e1\u017ee, sen\u00e1\u017ee z triticale, sena a jadrn\u00fdch krmn\u00fdch sm\u011bs\u00ed s dopl\u0148kovou miner\u00e1ln\u011b-vitaminovou v\u00fd\u017eivou. V letn\u00edm obdob\u00ed je krmn\u00e1 d\u00e1vka dopln\u011bna zelen\u00fdm krmen\u00edm a pastvou.<\/li>\n<li>V\u011bt\u0161ina na\u0161\u00ed produkce ml\u00e9ka je dod\u00e1v\u00e1na do ml\u00e9k\u00e1rny Brazzale Moravia. Men\u0161\u00ed mno\u017estv\u00ed ml\u00e9ka je zpracov\u00e1no na na\u0161\u00ed s\u00fdr\u00e1rn\u011b v Doma\u0161ov\u011b.<\/li>\n<li>Narozen\u00e1 telata jsou cca do v\u011bku dvou m\u011bs\u00edc\u016f odchov\u00e1v\u00e1na v boud\u00e1ch, kter\u00e9 zaji\u0161\u0165uj\u00ed zdrav\u00fd odchov a i v na\u0161ich, klimaticky drsn\u00fdch podm\u00ednk\u00e1ch, vykazuje tento odchov dobr\u00e9 v\u00fdsledky. B\u00fd\u010dci ml\u00e9\u010dn\u00fdch krav jsou prod\u00e1v\u00e1ny k dal\u0161\u00edmu chovu, proto\u017ee v\u00fdkrmem skotu se nezab\u00fdv\u00e1me. D\u00edky dostatku na\u0161ich jalovic pro obnovu z\u00e1kladn\u00edho st\u00e1da dojnic se n\u00e1m da\u0159\u00ed udr\u017eet dobr\u00e9 reproduk\u010dn\u00ed ukazatele. \u010c\u00e1st jalovic, p\u0159ibli\u017en\u011b 50 kus\u016f, nab\u00edz\u00edme ka\u017edoro\u010dn\u011b k prodeji.<\/li>\n<\/ul>\t\t\t\t\t\t<\/div>\n\t\t\t\t<\/div>\n\t\t\t\t\t<\/div>\n\t\t\t\t<\/div>\n\t\t<div class=\"elementor-element elementor-element-c268089 e-flex e-con-boxed e-con e-parent\" data-id=\"c268089\" data-element_type=\"container\" data-settings=\"{&quot;background_background&quot;:&quot;classic&quot;}\">\n\t\t\t\t\t<div class=\"e-con-inner\">\n\t\t<div class=\"elementor-element elementor-element-5cc7aad e-con-full e-flex e-con e-child\" data-id=\"5cc7aad\" data-element_type=\"container\" data-settings=\"{&quot;background_background&quot;:&quot;classic&quot;}\">\n\t\t<div class=\"elementor-element elementor-element-b48d1a3 e-con-full e-flex e-con e-child\" data-id=\"b48d1a3\" data-element_type=\"container\">\n\t\t\t\t<div class=\"elementor-element elementor-element-6363031 elementor-widget elementor-widget-image\" data-id=\"6363031\" data-element_type=\"widget\" data-widget_type=\"image.default\">\n\t\t\t\t<div class=\"elementor-widget-container\">\n\t\t\t<style>\/*! elementor - v3.23.0 - 05-08-2024 *\/\n.elementor-widget-image{text-align:center}.elementor-widget-image a{display:inline-block}.elementor-widget-image a img[src$=\".svg\"]{width:48px}.elementor-widget-image img{vertical-align:middle;display:inline-block}<\/style>\t\t\t\t\t\t\t\t\t\t<img fetchpriority=\"high\" decoding=\"async\" width=\"800\" height=\"600\" src=\"https:\/\/zdjesenik.cz\/wp-content\/uploads\/2024\/09\/DSC01821c.jpg\" class=\"attachment-large size-large wp-image-603\" alt=\"\" srcset=\"https:\/\/zdjesenik.cz\/wp-content\/uploads\/2024\/09\/DSC01821c.jpg 800w, https:\/\/zdjesenik.cz\/wp-content\/uploads\/2024\/09\/DSC01821c-300x225.jpg 300w, https:\/\/zdjesenik.cz\/wp-content\/uploads\/2024\/09\/DSC01821c-768x576.jpg 768w\" sizes=\"(max-width: 800px) 100vw, 800px\" \/>\t\t\t\t\t\t\t\t\t\t\t\t\t<\/div>\n\t\t\t\t<\/div>\n\t\t\t\t<\/div>\n\t\t<div class=\"elementor-element elementor-element-5538890 e-con-full e-flex e-con e-child\" data-id=\"5538890\" data-element_type=\"container\">\n\t\t\t\t<div class=\"elementor-element elementor-element-4253b6e elementor-widget elementor-widget-image\" data-id=\"4253b6e\" data-element_type=\"widget\" data-widget_type=\"image.default\">\n\t\t\t\t<div class=\"elementor-widget-container\">\n\t\t\t\t\t\t\t\t\t\t\t\t\t<img decoding=\"async\" width=\"800\" height=\"600\" src=\"https:\/\/zdjesenik.cz\/wp-content\/uploads\/2024\/09\/DSC01856c.jpg\" class=\"attachment-large size-large wp-image-606\" alt=\"\" srcset=\"https:\/\/zdjesenik.cz\/wp-content\/uploads\/2024\/09\/DSC01856c.jpg 800w, https:\/\/zdjesenik.cz\/wp-content\/uploads\/2024\/09\/DSC01856c-300x225.jpg 300w, https:\/\/zdjesenik.cz\/wp-content\/uploads\/2024\/09\/DSC01856c-768x576.jpg 768w\" sizes=\"(max-width: 800px) 100vw, 800px\" \/>\t\t\t\t\t\t\t\t\t\t\t\t\t<\/div>\n\t\t\t\t<\/div>\n\t\t\t\t<\/div>\n\t\t<div class=\"elementor-element elementor-element-4d728cb e-con-full e-flex e-con e-child\" data-id=\"4d728cb\" data-element_type=\"container\">\n\t\t\t\t<div class=\"elementor-element elementor-element-4848848 elementor-widget elementor-widget-image\" data-id=\"4848848\" data-element_type=\"widget\" data-widget_type=\"image.default\">\n\t\t\t\t<div class=\"elementor-widget-container\">\n\t\t\t\t\t\t\t\t\t\t\t\t\t<img decoding=\"async\" width=\"800\" height=\"600\" src=\"https:\/\/zdjesenik.cz\/wp-content\/uploads\/2024\/09\/DSC01826c.jpg\" class=\"attachment-large size-large wp-image-605\" alt=\"\" srcset=\"https:\/\/zdjesenik.cz\/wp-content\/uploads\/2024\/09\/DSC01826c.jpg 800w, https:\/\/zdjesenik.cz\/wp-content\/uploads\/2024\/09\/DSC01826c-300x225.jpg 300w, https:\/\/zdjesenik.cz\/wp-content\/uploads\/2024\/09\/DSC01826c-768x576.jpg 768w\" sizes=\"(max-width: 800px) 100vw, 800px\" \/>\t\t\t\t\t\t\t\t\t\t\t\t\t<\/div>\n\t\t\t\t<\/div>\n\t\t\t\t<\/div>\n\t\t<div class=\"elementor-element elementor-element-7f1ab6f e-con-full elementor-hidden-desktop elementor-hidden-mobile e-flex e-con e-child\" data-id=\"7f1ab6f\" data-element_type=\"container\">\n\t\t\t\t<div class=\"elementor-element elementor-element-be7c091 elementor-widget elementor-widget-image\" data-id=\"be7c091\" data-element_type=\"widget\" data-widget_type=\"image.default\">\n\t\t\t\t<div class=\"elementor-widget-container\">\n\t\t\t\t\t\t\t\t\t\t\t\t\t<img loading=\"lazy\" decoding=\"async\" width=\"800\" height=\"600\" src=\"https:\/\/zdjesenik.cz\/wp-content\/uploads\/2024\/09\/P6020249.jpg\" class=\"attachment-large size-large wp-image-677\" alt=\"\" srcset=\"https:\/\/zdjesenik.cz\/wp-content\/uploads\/2024\/09\/P6020249.jpg 800w, https:\/\/zdjesenik.cz\/wp-content\/uploads\/2024\/09\/P6020249-300x225.jpg 300w, https:\/\/zdjesenik.cz\/wp-content\/uploads\/2024\/09\/P6020249-768x576.jpg 768w\" sizes=\"(max-width: 800px) 100vw, 800px\" \/>\t\t\t\t\t\t\t\t\t\t\t\t\t<\/div>\n\t\t\t\t<\/div>\n\t\t\t\t<\/div>\n\t\t\t\t<\/div>\n\t\t\t\t\t<\/div>\n\t\t\t\t<\/div>\n\t\t<div class=\"elementor-element elementor-element-fa4fcca e-flex e-con-boxed e-con e-parent\" data-id=\"fa4fcca\" data-element_type=\"container\" data-settings=\"{&quot;background_background&quot;:&quot;classic&quot;}\">\n\t\t\t\t\t<div class=\"e-con-inner\">\n\t\t\t\t<div class=\"elementor-element elementor-element-32fcb0b elementor-widget elementor-widget-heading\" data-id=\"32fcb0b\" data-element_type=\"widget\" data-widget_type=\"heading.default\">\n\t\t\t\t<div class=\"elementor-widget-container\">\n\t\t\t<h3 class=\"elementor-heading-title elementor-size-default\">Chov skotu bez tr\u017en\u00ed produkce ml\u00e9ka (masn\u00fd skot)<\/h3>\t\t<\/div>\n\t\t\t\t<\/div>\n\t\t\t\t<div class=\"elementor-element elementor-element-b01bbaf elementor-widget elementor-widget-text-editor\" data-id=\"b01bbaf\" data-element_type=\"widget\" data-widget_type=\"text-editor.default\">\n\t\t\t\t<div class=\"elementor-widget-container\">\n\t\t\t\t\t\t\t<ul><li>Prodej chovn\u00fdch a z\u00e1stavov\u00fdch b\u00fd\u010dk\u016f a jalovic.<\/li><li>V sou\u010dasn\u00e9 dob\u011b chov\u00e1me cca 75 ks krav z\u00e1kladn\u00edho st\u00e1da a vyu\u017e\u00edv\u00e1me p\u0159irozenou plemenitbu b\u00fdk\u016f plemene Blonde d`Aquitaine. Telen\u00ed krav je sm\u011b\u0159ov\u00e1no do obdob\u00ed od \u00fanora do kv\u011btna. Pot\u00e9 kr\u00e1vy s telaty odch\u00e1z\u00ed spole\u010dn\u011b na pastviny, kde jsou a\u017e do \u0159\u00edjna. B\u00fd\u010dci a \u010d\u00e1st jalovi\u010dek jsou prod\u00e1ny, zbyl\u00e9 jalovice vyu\u017e\u00edv\u00e1me k obnov\u011b st\u00e1da.<\/li><\/ul>\t\t\t\t\t\t<\/div>\n\t\t\t\t<\/div>\n\t\t\t\t\t<\/div>\n\t\t\t\t<\/div>\n\t\t<div class=\"elementor-element elementor-element-a5bb2e6 e-flex e-con-boxed e-con e-parent\" data-id=\"a5bb2e6\" data-element_type=\"container\" data-settings=\"{&quot;background_background&quot;:&quot;classic&quot;}\">\n\t\t\t\t\t<div class=\"e-con-inner\">\n\t\t<div class=\"elementor-element elementor-element-aa6807b e-con-full e-flex e-con e-child\" data-id=\"aa6807b\" data-element_type=\"container\" data-settings=\"{&quot;background_background&quot;:&quot;classic&quot;}\">\n\t\t<div class=\"elementor-element elementor-element-3dee826 e-con-full e-flex e-con e-child\" data-id=\"3dee826\" data-element_type=\"container\">\n\t\t\t\t<div class=\"elementor-element elementor-element-1f91331 elementor-widget elementor-widget-image\" data-id=\"1f91331\" data-element_type=\"widget\" data-widget_type=\"image.default\">\n\t\t\t\t<div class=\"elementor-widget-container\">\n\t\t\t\t\t\t\t\t\t\t\t\t\t<img loading=\"lazy\" decoding=\"async\" width=\"800\" height=\"600\" src=\"https:\/\/zdjesenik.cz\/wp-content\/uploads\/2024\/09\/P6020260.jpg\" class=\"attachment-large size-large wp-image-678\" alt=\"\" srcset=\"https:\/\/zdjesenik.cz\/wp-content\/uploads\/2024\/09\/P6020260.jpg 800w, https:\/\/zdjesenik.cz\/wp-content\/uploads\/2024\/09\/P6020260-300x225.jpg 300w, https:\/\/zdjesenik.cz\/wp-content\/uploads\/2024\/09\/P6020260-768x576.jpg 768w\" sizes=\"(max-width: 800px) 100vw, 800px\" \/>\t\t\t\t\t\t\t\t\t\t\t\t\t<\/div>\n\t\t\t\t<\/div>\n\t\t\t\t<\/div>\n\t\t<div class=\"elementor-element elementor-element-0525444 e-con-full e-flex e-con e-child\" data-id=\"0525444\" data-element_type=\"container\">\n\t\t\t\t<div class=\"elementor-element elementor-element-65a58af elementor-widget elementor-widget-image\" data-id=\"65a58af\" data-element_type=\"widget\" data-widget_type=\"image.default\">\n\t\t\t\t<div class=\"elementor-widget-container\">\n\t\t\t\t\t\t\t\t\t\t\t\t\t<img loading=\"lazy\" decoding=\"async\" width=\"800\" height=\"600\" src=\"https:\/\/zdjesenik.cz\/wp-content\/uploads\/2024\/09\/PA040121.jpg\" class=\"attachment-large size-large wp-image-906\" alt=\"\" srcset=\"https:\/\/zdjesenik.cz\/wp-content\/uploads\/2024\/09\/PA040121.jpg 800w, https:\/\/zdjesenik.cz\/wp-content\/uploads\/2024\/09\/PA040121-300x225.jpg 300w, https:\/\/zdjesenik.cz\/wp-content\/uploads\/2024\/09\/PA040121-768x576.jpg 768w\" sizes=\"(max-width: 800px) 100vw, 800px\" \/>\t\t\t\t\t\t\t\t\t\t\t\t\t<\/div>\n\t\t\t\t<\/div>\n\t\t\t\t<\/div>\n\t\t<div class=\"elementor-element elementor-element-f729612 e-con-full e-flex e-con e-child\" data-id=\"f729612\" data-element_type=\"container\">\n\t\t\t\t<div class=\"elementor-element elementor-element-16f94b0 elementor-widget elementor-widget-image\" data-id=\"16f94b0\" data-element_type=\"widget\" data-widget_type=\"image.default\">\n\t\t\t\t<div class=\"elementor-widget-container\">\n\t\t\t\t\t\t\t\t\t\t\t\t\t<img loading=\"lazy\" decoding=\"async\" width=\"800\" height=\"600\" src=\"https:\/\/zdjesenik.cz\/wp-content\/uploads\/2024\/09\/PA040137.jpg\" class=\"attachment-large size-large wp-image-679\" alt=\"\" srcset=\"https:\/\/zdjesenik.cz\/wp-content\/uploads\/2024\/09\/PA040137.jpg 800w, https:\/\/zdjesenik.cz\/wp-content\/uploads\/2024\/09\/PA040137-300x225.jpg 300w, https:\/\/zdjesenik.cz\/wp-content\/uploads\/2024\/09\/PA040137-768x576.jpg 768w\" sizes=\"(max-width: 800px) 100vw, 800px\" \/>\t\t\t\t\t\t\t\t\t\t\t\t\t<\/div>\n\t\t\t\t<\/div>\n\t\t\t\t<\/div>\n\t\t<div class=\"elementor-element elementor-element-4359f74 e-con-full elementor-hidden-desktop elementor-hidden-mobile e-flex e-con e-child\" data-id=\"4359f74\" data-element_type=\"container\">\n\t\t\t\t<div class=\"elementor-element elementor-element-dd694f1 elementor-widget elementor-widget-image\" data-id=\"dd694f1\" data-element_type=\"widget\" data-widget_type=\"image.default\">\n\t\t\t\t<div class=\"elementor-widget-container\">\n\t\t\t\t\t\t\t\t\t\t\t\t\t<img loading=\"lazy\" decoding=\"async\" width=\"800\" height=\"600\" src=\"https:\/\/zdjesenik.cz\/wp-content\/uploads\/2024\/09\/PC110087.jpg\" class=\"attachment-large size-large wp-image-910\" alt=\"\" srcset=\"https:\/\/zdjesenik.cz\/wp-content\/uploads\/2024\/09\/PC110087.jpg 800w, https:\/\/zdjesenik.cz\/wp-content\/uploads\/2024\/09\/PC110087-300x225.jpg 300w, https:\/\/zdjesenik.cz\/wp-content\/uploads\/2024\/09\/PC110087-768x576.jpg 768w\" sizes=\"(max-width: 800px) 100vw, 800px\" \/>\t\t\t\t\t\t\t\t\t\t\t\t\t<\/div>\n\t\t\t\t<\/div>\n\t\t\t\t<\/div>\n\t\t\t\t<\/div>\n\t\t<div class=\"elementor-element elementor-element-6040240 e-con-full e-flex e-con e-child\" data-id=\"6040240\" data-element_type=\"container\">\n\t\t\t\t<div class=\"elementor-element elementor-element-9950cd1 elementor-widget elementor-widget-text-editor\" data-id=\"9950cd1\" data-element_type=\"widget\" data-widget_type=\"text-editor.default\">\n\t\t\t\t<div class=\"elementor-widget-container\">\n\t\t\t\t\t\t\t<strong>Vedouc\u00ed st\u0159ediska:<\/strong> <b>Ing. Pavel \u017d\u00e1k<\/b>, mobil: <a href=\"tel:+420605268189\">605 268 189<\/a>, e-mail: <a class=\"imCssLink\" href=\"mailto:p.zak@zdjesenik.cz\">p.zak@zdjesenik.cz<\/a>\t\t\t\t\t\t<\/div>\n\t\t\t\t<\/div>\n\t\t\t\t<\/div>\n\t\t\t\t\t<\/div>\n\t\t\t\t<\/div>\n\t\t<div class=\"elementor-element elementor-element-22f0aa2 e-flex e-con-boxed e-con e-parent\" data-id=\"22f0aa2\" data-element_type=\"container\" data-settings=\"{&quot;background_background&quot;:&quot;classic&quot;}\">\n\t\t\t\t\t<div class=\"e-con-inner\">\n\t\t<div class=\"elementor-element elementor-element-2fea929 e-con-full e-flex e-con e-child\" data-id=\"2fea929\" data-element_type=\"container\">\n\t\t\t\t<div class=\"elementor-element elementor-element-8b0f2f0 elementor-widget elementor-widget-image\" data-id=\"8b0f2f0\" data-element_type=\"widget\" data-widget_type=\"image.default\">\n\t\t\t\t<div class=\"elementor-widget-container\">\n\t\t\t\t\t\t\t\t\t\t\t\t\t<img loading=\"lazy\" decoding=\"async\" width=\"260\" height=\"260\" src=\"https:\/\/zdjesenik.cz\/wp-content\/uploads\/2024\/10\/ZDJ_logo_2017-png4_kaboflpp.png\" class=\"attachment-large size-large wp-image-1559\" alt=\"\" srcset=\"https:\/\/zdjesenik.cz\/wp-content\/uploads\/2024\/10\/ZDJ_logo_2017-png4_kaboflpp.png 260w, https:\/\/zdjesenik.cz\/wp-content\/uploads\/2024\/10\/ZDJ_logo_2017-png4_kaboflpp-150x150.png 150w\" sizes=\"(max-width: 260px) 100vw, 260px\" \/>\t\t\t\t\t\t\t\t\t\t\t\t\t<\/div>\n\t\t\t\t<\/div>\n\t\t\t\t<div class=\"elementor-element elementor-element-3ddbf53 elementor-hidden-mobile elementor-widget elementor-widget-button\" data-id=\"3ddbf53\" data-element_type=\"widget\" data-widget_type=\"button.default\">\n\t\t\t\t<div class=\"elementor-widget-container\">\n\t\t\t\t\t<div class=\"elementor-button-wrapper\">\n\t\t\t<a class=\"elementor-button elementor-button-link elementor-size-sm\" href=\"index.php\/kontakt\">\n\t\t\t\t\t\t<span class=\"elementor-button-content-wrapper\">\n\t\t\t\t\t\t\t\t\t<span class=\"elementor-button-text\">Kontaktn\u00ed informace<\/span>\n\t\t\t\t\t<\/span>\n\t\t\t\t\t<\/a>\n\t\t<\/div>\n\t\t\t\t<\/div>\n\t\t\t\t<\/div>\n\t\t\t\t<div class=\"elementor-element elementor-element-c1eba2e elementor-widget elementor-widget-button\" data-id=\"c1eba2e\" data-element_type=\"widget\" data-widget_type=\"button.default\">\n\t\t\t\t<div class=\"elementor-widget-container\">\n\t\t\t\t\t<div class=\"elementor-button-wrapper\">\n\t\t\t<a class=\"elementor-button elementor-button-link elementor-size-sm\" href=\"index.php\/informace-pro-cleny\">\n\t\t\t\t\t\t<span class=\"elementor-button-content-wrapper\">\n\t\t\t\t\t\t\t\t\t<span class=\"elementor-button-text\">Informace pro \u010dleny<\/span>\n\t\t\t\t\t<\/span>\n\t\t\t\t\t<\/a>\n\t\t<\/div>\n\t\t\t\t<\/div>\n\t\t\t\t<\/div>\n\t\t\t\t<\/div>\n\t\t<div class=\"elementor-element elementor-element-04d999f e-con-full e-flex e-con e-child\" data-id=\"04d999f\" data-element_type=\"container\" data-settings=\"{&quot;background_background&quot;:&quot;classic&quot;}\">\n\t\t<div class=\"elementor-element elementor-element-b75458e e-con-full e-flex e-con e-child\" data-id=\"b75458e\" data-element_type=\"container\">\n\t\t\t\t<div class=\"elementor-element elementor-element-31615d0 elementor-widget__width-inherit elementor-widget elementor-widget-text-editor\" data-id=\"31615d0\" data-element_type=\"widget\" data-widget_type=\"text-editor.default\">\n\t\t\t\t<div class=\"elementor-widget-container\">\n\t\t\t\t\t\t\t\u00a9 Designed By <a style=\"color: #fffffff7; text-decoration: underline;\" target=\"_blank\" href=\"https:\/\/web-stranky-na-miru.cz\/\">Jan Kal\u00e1b<\/a>. V\u0161echna pr\u00e1va vyhrazena.\t\t\t\t\t\t<\/div>\n\t\t\t\t<\/div>\n\t\t\t\t<\/div>\n\t\t\t\t<\/div>\n\t\t\t\t\t<\/div>\n\t\t\t\t<\/div>\n\t\t\t\t<\/div>\n\t\t","protected":false},"excerpt":{"rendered":"<p>\u017dIVO\u010cI\u0160N\u00c1 V\u00ddROBA Chov ml\u00e9\u010dn\u00e9ho skotu pastevn\u00edm zp\u016fsobem V\u00fdroba ml\u00e9ka, prodej chovn\u00e9ho skotu, zastavov\u00fdch b\u00fd\u010dk\u016f a vysokob\u0159ez\u00edch jalovic. Na dvou farm\u00e1ch v \u00fadol\u00ed \u0159eky B\u011bl\u00e9 chov\u00e1me okolo 500 ks dojnic hol\u0161t\u00fdnsk\u00e9ho plemene a k\u0159\u00ed\u017eenky s plemeny \u010cesk\u00e9 strakat\u00e9 a Mountbeliard. Dojnice i chovn\u00e9 jalovice jsou v letn\u00edm obdob\u00ed odchov\u00e1ny pastevn\u00edm zp\u016fsobem na okoln\u00edch pastvin\u00e1ch. Jinak jsou [&hellip;]<\/p>\n","protected":false},"author":1,"featured_media":0,"parent":0,"menu_order":0,"comment_status":"closed","ping_status":"closed","template":"elementor_header_footer","meta":{"footnotes":""},"class_list":["post-34","page","type-page","status-publish","hentry"],"_links":{"self":[{"href":"https:\/\/zdjesenik.cz\/index.php\/wp-json\/wp\/v2\/pages\/34","targetHints":{"allow":["GET"]}}],"collection":[{"href":"https:\/\/zdjesenik.cz\/index.php\/wp-json\/wp\/v2\/pages"}],"about":[{"href":"https:\/\/zdjesenik.cz\/index.php\/wp-json\/wp\/v2\/types\/page"}],"author":[{"embeddable":true,"href":"https:\/\/zdjesenik.cz\/index.php\/wp-json\/wp\/v2\/users\/1"}],"replies":[{"embeddable":true,"href":"https:\/\/zdjesenik.cz\/index.php\/wp-json\/wp\/v2\/comments?post=34"}],"version-history":[{"count":126,"href":"https:\/\/zdjesenik.cz\/index.php\/wp-json\/wp\/v2\/pages\/34\/revisions"}],"predecessor-version":[{"id":1928,"href":"https:\/\/zdjesenik.cz\/index.php\/wp-json\/wp\/v2\/pages\/34\/revisions\/1928"}],"wp:attachment":[{"href":"https:\/\/zdjesenik.cz\/index.php\/wp-json\/wp\/v2\/media?parent=34"}],"curies":[{"name":"wp","href":"https:\/\/api.w.org\/{rel}","templated":true}]}}